{"id":35713,"date":"2023-08-25T15:55:52","date_gmt":"2023-08-25T22:55:52","guid":{"rendered":"https:\/\/newcomerswelcome.acgov.org\/inicio\/"},"modified":"2025-07-30T16:59:47","modified_gmt":"2025-07-30T23:59:47","slug":"inicio","status":"publish","type":"page","link":"https:\/\/newcomerswelcome.acgov.org\/es\/","title":{"rendered":"Inicio"},"content":{"rendered":"<p>[et_pb_section fb_built=\u00bb1&#8243; admin_label=\u00bbSearch Bar &#8211; Spanish\u00bb _builder_version=\u00bb4.16&#8243; _module_preset=\u00bbdefault\u00bb custom_margin=\u00bb0px||0px||false|false\u00bb custom_padding=\u00bb0px||0px||false|false\u00bb global_module=\u00bb35730&#8243; saved_tabs=\u00bball\u00bb global_colors_info=\u00bb{}\u00bb][et_pb_row _builder_version=\u00bb4.16&#8243; _module_preset=\u00bbdefault\u00bb custom_margin=\u00bb10px||0px||false|false\u00bb custom_padding=\u00bb0px||0px||false|false\u00bb global_colors_info=\u00bb{}\u00bb][et_pb_column type=\u00bb4_4&#8243; _builder_version=\u00bb4.16&#8243; _module_preset=\u00bbdefault\u00bb global_colors_info=\u00bb{}\u00bb][et_pb_code admin_label=\u00bbSearch Code\u00bb _builder_version=\u00bb4.23.1&#8243; _module_preset=\u00bbdefault\u00bb module_alignment=\u00bbcenter\u00bb custom_margin=\u00bb0px||0px||false|false\u00bb custom_padding=\u00bb0px||0px||false|false\u00bb global_colors_info=\u00bb{}\u00bb]<div id=\"wpbdp-main-box\" class=\"wpbdp-main-box\" data-breakpoints='{\"tiny\": [0,360], \"small\": [360,560], \"medium\": [560,710], \"large\": [710,999999]}' data-breakpoints-class-prefix=\"wpbdp-main-box\">\n\n<div class=\"main-fields box-row cols-2\">\n\t<form action=\"https:\/\/newcomerswelcome.acgov.org\/es\/resource-directory\/?wpbdp_view=search\" method=\"get\">\n\t\t<input type=\"hidden\" name=\"wpbdp_view\" value=\"search\" \/>\n\t\t<input type=\"hidden\" name=\"lang\" value=\"es\" \/>\t\t\t\t<div class=\"wpbdp-form-field box-col wpbdp-widget-field search-fields\">\n\t\t\t<div class=\"box-row cols-1\">\n\t\t\t\t<div class=\"wpbdp-form-field box-col wpbdp-widget-field main-input\">\n\t\t\t\t\t<label for=\"wpbdp-main-box-keyword-field\" style=\"display:none;\">Keywords:<\/label>\n\t\t\t\t\t<input type=\"text\" id=\"wpbdp-main-box-keyword-field\" title=\"Quick search keywords\" class=\"keywords-field\" name=\"kw\" placeholder=\"Buscar anuncios\" \/>\n\t\t\t\t<\/div>\n\t\t\t\t\t\t\t<\/div>\n\t\t<\/div>\n\n\t\t<div class=\"wpbdp-form-field box-col wpbdp-widget-field submit-btn\">\n\t\t\t<input type=\"submit\" value=\"Buscar anuncios\" class=\"button wpbdp-button\"\/>\n\n\t\t\t<a class=\"wpbdp-advanced-search-link\" title=\"B\u00fasqueda avanzada\" href=\"https:\/\/newcomerswelcome.acgov.org\/es\/resource-directory\/?wpbdp_view=search\">\n\t\t\t\t<svg xmlns=\"http:\/\/www.w3.org\/2000\/svg\" aria-hidden=\"true\" width=\"24\" height=\"24\" fill=\"none\" viewBox=\"0 0 24 24\">\n\t\t\t\t\t<path stroke=\"currentColor\" stroke-linecap=\"round\" stroke-linejoin=\"round\" stroke-width=\"2\" d=\"M4 21v-7m0-4V3m8 18v-9m0-4V3m8 18v-5m0-4V3M1 14h6m2-6h6m2 8h6\"\/>\n\t\t\t\t<\/svg>\n\t\t\t\t<span class=\"wpbdp-sr-only\">B\u00fasqueda avanzada<\/span>\n\t\t\t<\/a>\n\t\t<\/div>\n\t<\/form>\n<\/div>\n\n<div class=\"box-row separator\"><\/div>\n\n\n<\/div>\n[\/et_pb_code][\/et_pb_column][\/et_pb_row][et_pb_row column_structure=\u00bb1_3,1_3,1_3&#8243; _builder_version=\u00bb4.23.1&#8243; _module_preset=\u00bbdefault\u00bb custom_margin=\u00bb0px||0px||false|false\u00bb custom_padding=\u00bb0px||0px||false|false\u00bb global_colors_info=\u00bb{}\u00bb][et_pb_column type=\u00bb1_3&#8243; _builder_version=\u00bb4.16&#8243; _module_preset=\u00bbdefault\u00bb global_colors_info=\u00bb{}\u00bb][\/et_pb_column][et_pb_column type=\u00bb1_3&#8243; _builder_version=\u00bb4.16&#8243; _module_preset=\u00bbdefault\u00bb global_colors_info=\u00bb{}\u00bb][\/et_pb_column][et_pb_column type=\u00bb1_3&#8243; _builder_version=\u00bb4.16&#8243; _module_preset=\u00bbdefault\u00bb global_colors_info=\u00bb{}\u00bb][et_pb_text admin_label=\u00bbSuggest\u00bb module_id=\u00bbsuggest\u00bb _builder_version=\u00bb4.23.1&#8243; _module_preset=\u00bbdefault\u00bb custom_margin=\u00bb0px||0px||false|false\u00bb custom_padding=\u00bb0px||0px||false|false\u00bb global_colors_info=\u00bb{}\u00bb]<\/p>\n<p style=\"text-align: right;\"><a href=\"https:\/\/newcomerswelcome.acgov.org\/add-a-service\/\"><strong>Sugiere una organizaci\u00f3n o servicio<\/strong><\/a><br \/><a href=\"mailto:coordinator@ebrif.org\">\u00bfNo encuentras lo que buscas?<\/a><\/p>\n<p>[\/et_pb_text][\/et_pb_column][\/et_pb_row][\/et_pb_section][et_pb_section fb_built=\u00bb1&#8243; admin_label=\u00bbHome Hero\u00bb _builder_version=\u00bb4.16&#8243; _module_preset=\u00bbdefault\u00bb custom_margin=\u00bb0px||0px||false|false\u00bb custom_padding=\u00bb0px||0px||false|false\u00bb global_colors_info=\u00bb{}\u00bb][et_pb_row column_structure=\u00bb2_5,3_5&#8243; admin_label=\u00bbBienvenido\u00bb _builder_version=\u00bb4.16&#8243; _module_preset=\u00bbdefault\u00bb custom_margin=\u00bb|auto|25px|auto|false|false\u00bb global_colors_info=\u00bb{}\u00bb][et_pb_column type=\u00bb2_5&#8243; _builder_version=\u00bb4.16&#8243; _module_preset=\u00bbdefault\u00bb global_colors_info=\u00bb{}\u00bb][et_pb_text admin_label=\u00bbWelcome Message\u00bb _builder_version=\u00bb4.16&#8243; _module_preset=\u00bbdefault\u00bb global_colors_info=\u00bb{}\u00bb]<\/p>\n<h2>\u00a1Bienvenido al Condado de Alameda!<\/h2>\n<p>Estamos encantados de tenerte aqu\u00ed con nosotros y nos gustar\u00eda darte la bienvenida a nuestra comunidad. El condado de Alameda tiene muchos recursos para ayudarte a prosperar que puedes encontrar en este sitio web.<\/p>\n<p>Acabamos de lanzar este sitio y lo estamos mejorando continuamente para nuestras comunidades. El objetivo de este sitio es compartir informaci\u00f3n sobre: asistencia sanitaria, apoyo al empleo, recursos jur\u00eddicos, apoyo a la vivienda y mucho m\u00e1s. Nos alegramos de que est\u00e9s aqu\u00ed.<\/p>\n<p>Gracias por contribuir a hacer del condado de Alameda un lugar vibrante para vivir, trabajar, aprender y jugar.<\/p>\n<p>[\/et_pb_text][\/et_pb_column][et_pb_column type=\u00bb3_5&#8243; _builder_version=\u00bb4.16&#8243; _module_preset=\u00bbdefault\u00bb global_colors_info=\u00bb{}\u00bb][et_pb_video src=\u00bbhttps:\/\/youtu.be\/IPiNErAWjws\u00bb _builder_version=\u00bb4.23.1&#8243; _module_preset=\u00bbdefault\u00bb global_colors_info=\u00bb{}\u00bb][\/et_pb_video][et_pb_video _builder_version=\u00bb4.27.4&#8243; _module_preset=\u00bbdefault\u00bb src=\u00bbhttps:\/\/www.youtube.com\/watch?v=KxF3KQXFFn8&#8243; hover_enabled=\u00bb0&#8243; sticky_enabled=\u00bb0&#8243;][\/et_pb_video][\/et_pb_column][\/et_pb_row][\/et_pb_section][et_pb_section fb_built=\u00bb1&#8243; admin_label=\u00bbImage-Based Site Navigation\u00bb _builder_version=\u00bb4.16&#8243; _module_preset=\u00bbdefault\u00bb custom_margin=\u00bb0px||0px||false|false\u00bb custom_padding=\u00bb0px||0px||false|false\u00bb global_colors_info=\u00bb{}\u00bb][et_pb_row column_structure=\u00bb1_3,1_3,1_3&#8243; admin_label=\u00bbFundamentos | Seguridad y Legalidad | Aprendizaje y Carrera\u00bb _builder_version=\u00bb4.16&#8243; _module_preset=\u00bbdefault\u00bb global_colors_info=\u00bb{}\u00bb][et_pb_column type=\u00bb1_3&#8243; module_class=\u00bbet-overlay-container\u00bb _builder_version=\u00bb4.16&#8243; _module_preset=\u00bbdefault\u00bb overflow-y=\u00bbhidden\u00bb global_colors_info=\u00bb{}\u00bb][et_pb_image src=\u00bbhttps:\/\/newcomerswelcome.acgov.org\/wp-content\/uploads\/2023\/07\/Basics-Color-Home.png\u00bb title_text=\u00bbConceptos b\u00e1sicos-Color-Hogar\u00bb url=\u00bbhttps:\/\/newcomerswelcome.acgov.org\/es\/basicos\/\u00bb admin_label=\u00bbBasics Image\u00bb _builder_version=\u00bb4.23.1&#8243; _module_preset=\u00bbdefault\u00bb custom_margin=\u00bb||9px|||\u00bb global_colors_info=\u00bb{}\u00bb][\/et_pb_image][et_pb_text admin_label=\u00bbBasics Heading\u00bb _builder_version=\u00bb4.23.1&#8243; _module_preset=\u00bbdefault\u00bb link_option_url=\u00bbhttps:\/\/newcomerswelcome.acgov.org\/es\/basicos\/\u00bb global_colors_info=\u00bb{}\u00bb]<\/p>\n<h2 style=\"text-align: center;\">B\u00e1sicos<\/h2>\n<p>[\/et_pb_text][\/et_pb_column][et_pb_column type=\u00bb1_3&#8243; _builder_version=\u00bb4.16&#8243; _module_preset=\u00bbdefault\u00bb global_colors_info=\u00bb{}\u00bb][et_pb_image src=\u00bbhttps:\/\/newcomerswelcome.acgov.org\/wp-content\/uploads\/2023\/07\/Safety-Legal.png\u00bb title_text=\u00bbSeguridad-Legal\u00bb url=\u00bbhttps:\/\/newcomerswelcome.acgov.org\/es\/seguridad-y-legal\/\u00bb admin_label=\u00bbSafety &#038; Legal Image\u00bb _builder_version=\u00bb4.23.1&#8243; _module_preset=\u00bbdefault\u00bb custom_margin=\u00bb||9px|||\u00bb global_colors_info=\u00bb{}\u00bb][\/et_pb_image][et_pb_text admin_label=\u00bbSafety &#038; Legal Heading\u00bb _builder_version=\u00bb4.23.1&#8243; _module_preset=\u00bbdefault\u00bb link_option_url=\u00bbhttps:\/\/newcomerswelcome.acgov.org\/es\/seguridad-y-legal\/\u00bb global_colors_info=\u00bb{}\u00bb]<\/p>\n<h2 style=\"text-align: center;\">Seguridad y Legal<\/h2>\n<p>[\/et_pb_text][\/et_pb_column][et_pb_column type=\u00bb1_3&#8243; _builder_version=\u00bb4.16&#8243; _module_preset=\u00bbdefault\u00bb global_colors_info=\u00bb{}\u00bb][et_pb_image src=\u00bbhttps:\/\/newcomerswelcome.acgov.org\/wp-content\/uploads\/2023\/07\/Career-Learning.png\u00bb title_text=\u00bbAprendizaje profesional\u00bb url=\u00bbhttps:\/\/newcomerswelcome.acgov.org\/es\/aprendizaje-y-carrera\/\u00bb admin_label=\u00bbLearning &#038; Career Image\u00bb _builder_version=\u00bb4.23.1&#8243; _module_preset=\u00bbdefault\u00bb custom_margin=\u00bb||9px|||\u00bb global_colors_info=\u00bb{}\u00bb][\/et_pb_image][et_pb_text admin_label=\u00bbLearning &#038; Career Heading\u00bb _builder_version=\u00bb4.23.1&#8243; _module_preset=\u00bbdefault\u00bb link_option_url=\u00bbhttps:\/\/newcomerswelcome.acgov.org\/es\/aprendizaje-y-carrera\/\u00bb global_colors_info=\u00bb{}\u00bb]<\/p>\n<h2 style=\"text-align: center;\">Aprendizaje y Carrera Profesional<\/h2>\n<p>[\/et_pb_text][\/et_pb_column][\/et_pb_row][et_pb_row column_structure=\u00bb1_3,1_3,1_3&#8243; admin_label=\u00bbRecursos gubernamentales | Comunidad y cultura | Compromiso\u00bb _builder_version=\u00bb4.16&#8243; _module_preset=\u00bbdefault\u00bb custom_margin=\u00bb||100px||false|false\u00bb custom_padding=\u00bb2px|||||\u00bb global_colors_info=\u00bb{}\u00bb][et_pb_column type=\u00bb1_3&#8243; module_class=\u00bbet-overlay-container\u00bb _builder_version=\u00bb4.16&#8243; _module_preset=\u00bbdefault\u00bb overflow-y=\u00bbhidden\u00bb global_colors_info=\u00bb{}\u00bb][et_pb_image src=\u00bbhttps:\/\/newcomerswelcome.acgov.org\/wp-content\/uploads\/2023\/07\/Governmental-Resources-2.png\u00bb title_text=\u00bbRecursos gubernamentales\u00bb url=\u00bbhttps:\/\/newcomerswelcome.acgov.org\/es\/recursos-gubernamentales\/\u00bb admin_label=\u00bbGovernmental Resources Image\u00bb _builder_version=\u00bb4.23.1&#8243; _module_preset=\u00bbdefault\u00bb custom_margin=\u00bb||9px|||\u00bb global_colors_info=\u00bb{}\u00bb][\/et_pb_image][et_pb_text admin_label=\u00bbGovernmental Resources  Heading\u00bb _builder_version=\u00bb4.23.1&#8243; _module_preset=\u00bbdefault\u00bb link_option_url=\u00bbhttps:\/\/newcomerswelcome.acgov.org\/es\/recursos-gubernamentales\/\u00bb global_colors_info=\u00bb{}\u00bb]<\/p>\n<h2 style=\"text-align: center;\">Recursos Gubernamentales<\/h2>\n<p>[\/et_pb_text][\/et_pb_column][et_pb_column type=\u00bb1_3&#8243; _builder_version=\u00bb4.16&#8243; _module_preset=\u00bbdefault\u00bb global_colors_info=\u00bb{}\u00bb][et_pb_image src=\u00bbhttps:\/\/newcomerswelcome.acgov.org\/wp-content\/uploads\/2023\/07\/Community.png\u00bb title_text=\u00bbComunidad\u00bb url=\u00bbhttps:\/\/newcomerswelcome.acgov.org\/es\/comunidad-cultura\/\u00bb admin_label=\u00bbCommunity &#038; Culture Image\u00bb _builder_version=\u00bb4.23.1&#8243; _module_preset=\u00bbdefault\u00bb custom_margin=\u00bb||9px|||\u00bb global_colors_info=\u00bb{}\u00bb][\/et_pb_image][et_pb_text admin_label=\u00bbCommunity &#038; Culture Heading\u00bb _builder_version=\u00bb4.23.1&#8243; _module_preset=\u00bbdefault\u00bb link_option_url=\u00bbhttps:\/\/newcomerswelcome.acgov.org\/es\/comunidad-cultura\/\u00bb global_colors_info=\u00bb{}\u00bb]<\/p>\n<h2 style=\"text-align: center;\">Comunidad y Cultura<\/h2>\n<p>[\/et_pb_text][\/et_pb_column][et_pb_column type=\u00bb1_3&#8243; _builder_version=\u00bb4.16&#8243; _module_preset=\u00bbdefault\u00bb global_colors_info=\u00bb{}\u00bb][et_pb_image src=\u00bbhttps:\/\/newcomerswelcome.acgov.org\/wp-content\/uploads\/2023\/07\/Engagement-.png\u00bb title_text=\u00bbCompromiso-\u00bb url=\u00bbhttps:\/\/newcomerswelcome.acgov.org\/es\/compromiso\/\u00bb admin_label=\u00bbEngagement Image\u00bb _builder_version=\u00bb4.23.1&#8243; _module_preset=\u00bbdefault\u00bb custom_margin=\u00bb||9px|||\u00bb global_colors_info=\u00bb{}\u00bb][\/et_pb_image][et_pb_text admin_label=\u00bbEngagement Heading\u00bb _builder_version=\u00bb4.23.1&#8243; _module_preset=\u00bbdefault\u00bb text_orientation=\u00bbcenter\u00bb link_option_url=\u00bbhttps:\/\/newcomerswelcome.acgov.org\/es\/compromiso\/\u00bb global_colors_info=\u00bb{}\u00bb]<\/p>\n<h2 style=\"text-align: center;\">Compromiso<\/h2>\n<p>[\/et_pb_text][\/et_pb_column][\/et_pb_row][\/et_pb_section][et_pb_section fb_built=\u00bb1&#8243; admin_label=\u00bbFooter Logos &#8211; Spanish\u00bb _builder_version=\u00bb4.16&#8243; _module_preset=\u00bbdefault\u00bb custom_padding=\u00bb26px||29px||false|false\u00bb border_width_top=\u00bb2px\u00bb global_module=\u00bb35738&#8243; saved_tabs=\u00bball\u00bb global_colors_info=\u00bb{}\u00bb][et_pb_row column_structure=\u00bb1_2,1_2&#8243; _builder_version=\u00bb4.16&#8243; _module_preset=\u00bbdefault\u00bb custom_margin=\u00bb||||false|false\u00bb border_color_bottom=\u00bb#000000&#8243; locked=\u00bboff\u00bb global_colors_info=\u00bb{}\u00bb][et_pb_column type=\u00bb1_2&#8243; _builder_version=\u00bb4.16&#8243; _module_preset=\u00bbdefault\u00bb global_colors_info=\u00bb{}\u00bb][et_pb_image src=\u00bbhttps:\/\/newcomerswelcome.acgov.org\/wp-content\/uploads\/2021\/12\/Alameda-County-seal-transparent-background.png\u00bb alt=\u00bbAlameda County Seal\u00bb title_text=\u00bbAlameda-County-seal-transparent-background\u00bb url=\u00bbhttp:\/\/www.acgov.org\u00bb align=\u00bbcenter\u00bb admin_label=\u00bbACGOV Logo\u00bb _builder_version=\u00bb4.16&#8243; _module_preset=\u00bbdefault\u00bb module_alignment=\u00bbcenter\u00bb max_height=\u00bb150px\u00bb global_colors_info=\u00bb{}\u00bb][\/et_pb_image][\/et_pb_column][et_pb_column type=\u00bb1_2&#8243; _builder_version=\u00bb4.16&#8243; _module_preset=\u00bbdefault\u00bb global_colors_info=\u00bb{}\u00bb][et_pb_image src=\u00bbhttps:\/\/newcomerswelcome.acgov.org\/wp-content\/uploads\/2023\/06\/EBRIFupdated-1.png\u00bb title_text=\u00bbEBRIF+updated\u00bb url=\u00bbhttp:\/\/ebrif.org\u00bb align=\u00bbcenter\u00bb admin_label=\u00bbEBRIF Logo\u00bb _builder_version=\u00bb4.16&#8243; _module_preset=\u00bbdefault\u00bb module_alignment=\u00bbcenter\u00bb max_height=\u00bb200px\u00bb global_colors_info=\u00bb{}\u00bb][\/et_pb_image][\/et_pb_column][\/et_pb_row][\/et_pb_section]<\/p>\n","protected":false},"excerpt":{"rendered":"<p><div id=\"wpbdp-main-box\" class=\"wpbdp-main-box\" data-breakpoints='{\"tiny\": [0,360], \"small\": [360,560], \"medium\": [560,710], \"large\": [710,999999]}' data-breakpoints-class-prefix=\"wpbdp-main-box\">\n\n<div class=\"main-fields box-row cols-2\">\n\t<form action=\"https:\/\/newcomerswelcome.acgov.org\/es\/resource-directory\/?wpbdp_view=search\" method=\"get\">\n\t\t<input type=\"hidden\" name=\"wpbdp_view\" value=\"search\" \/>\n\t\t<input type=\"hidden\" name=\"lang\" value=\"es\" \/>\t\t\t\t<div class=\"wpbdp-form-field box-col wpbdp-widget-field search-fields\">\n\t\t\t<div class=\"box-row cols-1\">\n\t\t\t\t<div class=\"wpbdp-form-field box-col wpbdp-widget-field main-input\">\n\t\t\t\t\t<label for=\"wpbdp-main-box-keyword-field\" style=\"display:none;\">Keywords:<\/label>\n\t\t\t\t\t<input type=\"text\" id=\"wpbdp-main-box-keyword-field\" title=\"Quick search keywords\" class=\"keywords-field\" name=\"kw\" placeholder=\"Buscar anuncios\" \/>\n\t\t\t\t<\/div>\n\t\t\t\t\t\t\t<\/div>\n\t\t<\/div>\n\n\t\t<div class=\"wpbdp-form-field box-col wpbdp-widget-field submit-btn\">\n\t\t\t<input type=\"submit\" value=\"Buscar anuncios\" class=\"button wpbdp-button\"\/>\n\n\t\t\t<a class=\"wpbdp-advanced-search-link\" title=\"B\u00fasqueda avanzada\" href=\"https:\/\/newcomerswelcome.acgov.org\/es\/resource-directory\/?wpbdp_view=search\">\n\t\t\t\t<svg xmlns=\"http:\/\/www.w3.org\/2000\/svg\" aria-hidden=\"true\" width=\"24\" height=\"24\" fill=\"none\" viewBox=\"0 0 24 24\">\n\t\t\t\t\t<path stroke=\"currentColor\" stroke-linecap=\"round\" stroke-linejoin=\"round\" stroke-width=\"2\" d=\"M4 21v-7m0-4V3m8 18v-9m0-4V3m8 18v-5m0-4V3M1 14h6m2-6h6m2 8h6\"\/>\n\t\t\t\t<\/svg>\n\t\t\t\t<span class=\"wpbdp-sr-only\">B\u00fasqueda avanzada<\/span>\n\t\t\t<\/a>\n\t\t<\/div>\n\t<\/form>\n<\/div>\n\n<div class=\"box-row separator\"><\/div>\n\n\n<\/div>\nSugiere una organizaci\u00f3n o servicio\u00bfNo encuentras lo que buscas?\u00a1Bienvenido al Condado de Alameda! Estamos encantados de tenerte aqu\u00ed con nosotros y nos gustar\u00eda darte la bienvenida a nuestra comunidad. El condado de Alameda tiene muchos recursos para ayudarte a prosperar que puedes encontrar en este sitio web. Acabamos de lanzar este sitio y lo estamos [&hellip;]<\/p>\n","protected":false},"author":8,"featured_media":0,"parent":0,"menu_order":0,"comment_status":"closed","ping_status":"closed","template":"","meta":{"_acf_changed":false,"_et_pb_use_builder":"on","_et_pb_old_content":"","_et_gb_content_width":"","footnotes":""},"class_list":["post-35713","page","type-page","status-publish","hentry"],"acf":[],"_links":{"self":[{"href":"https:\/\/newcomerswelcome.acgov.org\/es\/wp-json\/wp\/v2\/pages\/35713","targetHints":{"allow":["GET"]}}],"collection":[{"href":"https:\/\/newcomerswelcome.acgov.org\/es\/wp-json\/wp\/v2\/pages"}],"about":[{"href":"https:\/\/newcomerswelcome.acgov.org\/es\/wp-json\/wp\/v2\/types\/page"}],"author":[{"embeddable":true,"href":"https:\/\/newcomerswelcome.acgov.org\/es\/wp-json\/wp\/v2\/users\/8"}],"replies":[{"embeddable":true,"href":"https:\/\/newcomerswelcome.acgov.org\/es\/wp-json\/wp\/v2\/comments?post=35713"}],"version-history":[{"count":0,"href":"https:\/\/newcomerswelcome.acgov.org\/es\/wp-json\/wp\/v2\/pages\/35713\/revisions"}],"wp:attachment":[{"href":"https:\/\/newcomerswelcome.acgov.org\/es\/wp-json\/wp\/v2\/media?parent=35713"}],"curies":[{"name":"wp","href":"https:\/\/api.w.org\/{rel}","templated":true}]}}