{"id":35715,"date":"2023-06-21T18:12:10","date_gmt":"2023-06-22T01:12:10","guid":{"rendered":"https:\/\/newcomerswelcome.acgov.org\/basicos\/"},"modified":"2024-06-14T13:32:30","modified_gmt":"2024-06-14T20:32:30","slug":"basicos","status":"publish","type":"page","link":"https:\/\/newcomerswelcome.acgov.org\/es\/basicos\/","title":{"rendered":"B\u00e1sicos"},"content":{"rendered":"<p>[et_pb_section fb_built=\u00bb1&#8243; admin_label=\u00bbSearch Bar &#8211; Spanish\u00bb _builder_version=\u00bb4.16&#8243; _module_preset=\u00bbdefault\u00bb custom_margin=\u00bb0px||0px||false|false\u00bb custom_padding=\u00bb0px||0px||false|false\u00bb saved_tabs=\u00bball\u00bb global_colors_info=\u00bb{}\u00bb global_module=\u00bb35730&#8243; theme_builder_area=\u00bbpost_content\u00bb][et_pb_row _builder_version=\u00bb4.16&#8243; _module_preset=\u00bbdefault\u00bb custom_margin=\u00bb10px||0px||false|false\u00bb custom_padding=\u00bb0px||0px||false|false\u00bb global_colors_info=\u00bb{}\u00bb theme_builder_area=\u00bbpost_content\u00bb][et_pb_column type=\u00bb4_4&#8243; _builder_version=\u00bb4.16&#8243; _module_preset=\u00bbdefault\u00bb global_colors_info=\u00bb{}\u00bb theme_builder_area=\u00bbpost_content\u00bb][et_pb_code admin_label=\u00bbSearch Code\u00bb _builder_version=\u00bb4.23.1&#8243; _module_preset=\u00bbdefault\u00bb module_alignment=\u00bbcenter\u00bb custom_margin=\u00bb0px||0px||false|false\u00bb custom_padding=\u00bb0px||0px||false|false\u00bb global_colors_info=\u00bb{}\u00bb theme_builder_area=\u00bbpost_content\u00bb]<div id=\"wpbdp-main-box\" class=\"wpbdp-main-box\" data-breakpoints='{\"tiny\": [0,360], \"small\": [360,560], \"medium\": [560,710], \"large\": [710,999999]}' data-breakpoints-class-prefix=\"wpbdp-main-box\">\n\n<div class=\"main-fields box-row cols-2\">\n\t<form action=\"https:\/\/newcomerswelcome.acgov.org\/es\/resource-directory\/?wpbdp_view=search\" method=\"get\">\n\t\t<input type=\"hidden\" name=\"wpbdp_view\" value=\"search\" \/>\n\t\t<input type=\"hidden\" name=\"lang\" value=\"es\" \/>\t\t\t\t<div class=\"wpbdp-form-field box-col wpbdp-widget-field search-fields\">\n\t\t\t<div class=\"box-row cols-1\">\n\t\t\t\t<div class=\"wpbdp-form-field box-col wpbdp-widget-field main-input\">\n\t\t\t\t\t<label for=\"wpbdp-main-box-keyword-field\" style=\"display:none;\">Keywords:<\/label>\n\t\t\t\t\t<input type=\"text\" id=\"wpbdp-main-box-keyword-field\" title=\"Quick search keywords\" class=\"keywords-field\" name=\"kw\" placeholder=\"Buscar anuncios\" \/>\n\t\t\t\t<\/div>\n\t\t\t\t\t\t\t<\/div>\n\t\t<\/div>\n\n\t\t<div class=\"wpbdp-form-field box-col wpbdp-widget-field submit-btn\">\n\t\t\t<input type=\"submit\" value=\"Buscar anuncios\" class=\"button wpbdp-button\"\/>\n\n\t\t\t<a class=\"wpbdp-advanced-search-link\" title=\"B\u00fasqueda avanzada\" href=\"https:\/\/newcomerswelcome.acgov.org\/es\/resource-directory\/?wpbdp_view=search\">\n\t\t\t\t<svg xmlns=\"http:\/\/www.w3.org\/2000\/svg\" aria-hidden=\"true\" width=\"24\" height=\"24\" fill=\"none\" viewBox=\"0 0 24 24\">\n\t\t\t\t\t<path stroke=\"currentColor\" stroke-linecap=\"round\" stroke-linejoin=\"round\" stroke-width=\"2\" d=\"M4 21v-7m0-4V3m8 18v-9m0-4V3m8 18v-5m0-4V3M1 14h6m2-6h6m2 8h6\"\/>\n\t\t\t\t<\/svg>\n\t\t\t\t<span class=\"wpbdp-sr-only\">B\u00fasqueda avanzada<\/span>\n\t\t\t<\/a>\n\t\t<\/div>\n\t<\/form>\n<\/div>\n\n<div class=\"box-row separator\"><\/div>\n\n\n<\/div>\n[\/et_pb_code][\/et_pb_column][\/et_pb_row][et_pb_row column_structure=\u00bb1_3,1_3,1_3&#8243; _builder_version=\u00bb4.23.1&#8243; _module_preset=\u00bbdefault\u00bb custom_margin=\u00bb0px||0px||false|false\u00bb custom_padding=\u00bb0px||0px||false|false\u00bb global_colors_info=\u00bb{}\u00bb theme_builder_area=\u00bbpost_content\u00bb][et_pb_column type=\u00bb1_3&#8243; _builder_version=\u00bb4.16&#8243; _module_preset=\u00bbdefault\u00bb global_colors_info=\u00bb{}\u00bb theme_builder_area=\u00bbpost_content\u00bb][\/et_pb_column][et_pb_column type=\u00bb1_3&#8243; _builder_version=\u00bb4.16&#8243; _module_preset=\u00bbdefault\u00bb global_colors_info=\u00bb{}\u00bb theme_builder_area=\u00bbpost_content\u00bb][\/et_pb_column][et_pb_column type=\u00bb1_3&#8243; _builder_version=\u00bb4.16&#8243; _module_preset=\u00bbdefault\u00bb global_colors_info=\u00bb{}\u00bb theme_builder_area=\u00bbpost_content\u00bb][et_pb_text admin_label=\u00bbSuggest\u00bb module_id=\u00bbsuggest\u00bb _builder_version=\u00bb4.23.1&#8243; _module_preset=\u00bbdefault\u00bb custom_margin=\u00bb0px||0px||false|false\u00bb custom_padding=\u00bb0px||0px||false|false\u00bb global_colors_info=\u00bb{}\u00bb theme_builder_area=\u00bbpost_content\u00bb]<\/p>\n<p style=\"text-align: right;\"><a href=\"https:\/\/newcomerswelcome.acgov.org\/add-a-service\/\"><strong>Sugiere una organizaci\u00f3n o servicio<\/strong><\/a><br \/><a href=\"mailto:coordinator@ebrif.org\">\u00bfNo encuentras lo que buscas?<\/a><\/p>\n<p>[\/et_pb_text][\/et_pb_column][\/et_pb_row][\/et_pb_section][et_pb_section fb_built=\u00bb1&#8243; admin_label=\u00bbBasics Hero\u00bb _builder_version=\u00bb4.16&#8243; _module_preset=\u00bbdefault\u00bb custom_margin=\u00bb||100px||false|false\u00bb custom_padding=\u00bb||0px||false|false\u00bb locked=\u00bboff\u00bb global_colors_info=\u00bb{}\u00bb][et_pb_row column_structure=\u00bb1_3,2_3&#8243; admin_label=\u00bbEncabezamiento e introducci\u00f3n\u00bb _builder_version=\u00bb4.16&#8243; _module_preset=\u00bbdefault\u00bb custom_margin=\u00bb0px||0px||false|false\u00bb custom_padding=\u00bb0px||0px||false|false\u00bb global_colors_info=\u00bb{}\u00bb][et_pb_column type=\u00bb1_3&#8243; _builder_version=\u00bb4.16&#8243; _module_preset=\u00bbdefault\u00bb global_colors_info=\u00bb{}\u00bb][et_pb_text admin_label=\u00bbHeading\u00bb _builder_version=\u00bb4.16&#8243; _module_preset=\u00bbdefault\u00bb header_text_align=\u00bbcenter\u00bb global_colors_info=\u00bb{}\u00bb]<\/p>\n<h1>B\u00e1sicos<\/h1>\n<p>[\/et_pb_text][et_pb_image src=\u00bbhttps:\/\/newcomerswelcome.acgov.org\/wp-content\/uploads\/2023\/07\/Basics-Color-Navi.png\u00bb title_text=\u00bbConceptos b\u00e1sicos-Color-Navi\u00bb show_bottom_space=\u00bboff\u00bb align=\u00bbcenter\u00bb admin_label=\u00bbBasics Image\u00bb _builder_version=\u00bb4.16&#8243; _module_preset=\u00bbdefault\u00bb global_colors_info=\u00bb{}\u00bb][\/et_pb_image][\/et_pb_column][et_pb_column type=\u00bb2_3&#8243; _builder_version=\u00bb4.16&#8243; _module_preset=\u00bbdefault\u00bb global_colors_info=\u00bb{}\u00bb][et_pb_text admin_label=\u00bbBasics Intro Text\u00bb _builder_version=\u00bb4.16&#8243; _module_preset=\u00bbdefault\u00bb global_colors_info=\u00bb{}\u00bb]<\/p>\n<p>Es importante que todas las personas y familias dispongan de lo necesario para prosperar en su nueva comunidad. En esta secci\u00f3n de Conceptos B\u00e1sicos encontrar\u00e1s recursos que todo el mundo necesita m\u00ednimamente para prosperar, como vivienda\/refugio, alimentos, asistencia sanitaria, transporte, recursos financieros y servicios en el lenguaje m\u00e1s c\u00f3modo para las personas.<\/p>\n<p>[\/et_pb_text][et_pb_code admin_label=\u00bbC\u00f3digo\u00bb _builder_version=\u00bb4.16&#8243; _module_preset=\u00bbdefault\u00bb global_colors_info=\u00bb{}\u00bb]<ul class=\"wpbdp-categories cf wpbdp-categories-2-columns-no-bp without-images\" data-breakpoints=\"{&quot;tiny&quot;: [0,360], &quot;small&quot;: [360,560], &quot;medium&quot;: [560,710], &quot;large&quot;: [710,999999]}\" data-breakpoints-class-prefix=\"wpbdp-categories-2-columns\"><li class=\"cat-item cat-item-435  \"><a href=\"https:\/\/newcomerswelcome.acgov.org\/es\/resource-directory\/ncw-category\/acceso-linguistico\/\" title=\"\" class=\"category-label\">Acceso ling\u00fc\u00edstico<\/a> (57)<\/li><li class=\"cat-item cat-item-614  \"><a href=\"https:\/\/newcomerswelcome.acgov.org\/es\/resource-directory\/ncw-category\/ahorro-de-costes\/\" title=\"\" class=\"category-label\">Ahorro de costes<\/a> (16)<\/li><li class=\"cat-item cat-item-430  \"><a href=\"https:\/\/newcomerswelcome.acgov.org\/es\/resource-directory\/ncw-category\/alimentacion\/\" title=\"\" class=\"category-label\">Alimentaci\u00f3n<\/a> (16)<\/li><li class=\"cat-item cat-item-653  \"><a href=\"https:\/\/newcomerswelcome.acgov.org\/es\/resource-directory\/ncw-category\/apoyo-a-la-discapacidad\/\" title=\"\" class=\"category-label\">Apoyo a la discapacidad<\/a> (10)<\/li><li class=\"cat-item cat-item-596  \"><a href=\"https:\/\/newcomerswelcome.acgov.org\/es\/resource-directory\/ncw-category\/apoyo-a-la-salud-mental\/\" title=\"\" class=\"category-label\">Apoyo a la salud mental<\/a> (69)<\/li><li class=\"cat-item cat-item-611  \"><a href=\"https:\/\/newcomerswelcome.acgov.org\/es\/resource-directory\/ncw-category\/apoyo-a-los-ancianos\/\" title=\"\" class=\"category-label\">Apoyo a los ancianos<\/a> (15)<\/li><li class=\"cat-item cat-item-597  \"><a href=\"https:\/\/newcomerswelcome.acgov.org\/es\/resource-directory\/ncw-category\/apoyo-al-consumo-de-sustancias\/\" title=\"\" class=\"category-label\">Apoyo al consumo de sustancias<\/a> (41)<\/li><li class=\"cat-item cat-item-649  \"><a href=\"https:\/\/newcomerswelcome.acgov.org\/es\/resource-directory\/ncw-category\/apoyo-al-reasentamiento\/\" title=\"\" class=\"category-label\">Apoyo al reasentamiento<\/a> (39)<\/li><li class=\"cat-item cat-item-612  \"><a href=\"https:\/\/newcomerswelcome.acgov.org\/es\/resource-directory\/ncw-category\/apoyo-financiero\/\" title=\"\" class=\"category-label\">Apoyo financiero<\/a> (6)<\/li><li class=\"cat-item cat-item-602  \"><a href=\"https:\/\/newcomerswelcome.acgov.org\/es\/resource-directory\/ncw-category\/asistencia-a-las-prestaciones\/\" title=\"\" class=\"category-label\">Asistencia a las prestaciones<\/a> (24)<\/li><li class=\"cat-item cat-item-593  \"><a href=\"https:\/\/newcomerswelcome.acgov.org\/es\/resource-directory\/ncw-category\/cuidado-de-ninos\/\" title=\"\" class=\"category-label\">Cuidado de ni\u00f1os<\/a> (8)<\/li><li class=\"cat-item cat-item-652  \"><a href=\"https:\/\/newcomerswelcome.acgov.org\/es\/resource-directory\/ncw-category\/gestion-de-casos\/\" title=\"\" class=\"category-label\">Gesti\u00f3n de casos<\/a> (33)<\/li><li class=\"cat-item cat-item-594  \"><a href=\"https:\/\/newcomerswelcome.acgov.org\/es\/resource-directory\/ncw-category\/ninos-y-familias\/\" title=\"\" class=\"category-label\">Ni\u00f1os y familias<\/a> (33)<\/li><li class=\"cat-item cat-item-613  \"><a href=\"https:\/\/newcomerswelcome.acgov.org\/es\/resource-directory\/ncw-category\/preparacion-de-la-declaracion-de-la-renta\/\" title=\"\" class=\"category-label\">Preparaci\u00f3n de la declaraci\u00f3n de la renta<\/a> (1)<\/li><li class=\"cat-item cat-item-609  \"><a href=\"https:\/\/newcomerswelcome.acgov.org\/es\/resource-directory\/ncw-category\/ropa\/\" title=\"\" class=\"category-label\">Ropa<\/a> (3)<\/li><li class=\"cat-item cat-item-610  \"><a href=\"https:\/\/newcomerswelcome.acgov.org\/es\/resource-directory\/ncw-category\/sanidad\/\" title=\"\" class=\"category-label\">Sanidad<\/a> (42)<\/li><li class=\"cat-item cat-item-595  \"><a href=\"https:\/\/newcomerswelcome.acgov.org\/es\/resource-directory\/ncw-category\/transporte-publico\/\" title=\"\" class=\"category-label\">Transporte p\u00fablico<\/a> (6)<\/li><li class=\"cat-item cat-item-608  \"><a href=\"https:\/\/newcomerswelcome.acgov.org\/es\/resource-directory\/ncw-category\/vivienda-y-refugio\/\" title=\"\" class=\"category-label\">Vivienda y refugio<\/a> (34)<\/li><\/ul>[\/et_pb_code][\/et_pb_column][\/et_pb_row][\/et_pb_section][et_pb_section fb_built=\u00bb1&#8243; admin_label=\u00bbFooter Logos &#8211; Spanish\u00bb _builder_version=\u00bb4.16&#8243; _module_preset=\u00bbdefault\u00bb custom_padding=\u00bb26px||29px||false|false\u00bb border_width_top=\u00bb2px\u00bb saved_tabs=\u00bball\u00bb global_colors_info=\u00bb{}\u00bb global_module=\u00bb35738&#8243; theme_builder_area=\u00bbpost_content\u00bb][et_pb_row column_structure=\u00bb1_2,1_2&#8243; _builder_version=\u00bb4.16&#8243; _module_preset=\u00bbdefault\u00bb custom_margin=\u00bb||||false|false\u00bb border_color_bottom=\u00bb#000000&#8243; locked=\u00bboff\u00bb global_colors_info=\u00bb{}\u00bb theme_builder_area=\u00bbpost_content\u00bb][et_pb_column type=\u00bb1_2&#8243; _builder_version=\u00bb4.16&#8243; _module_preset=\u00bbdefault\u00bb global_colors_info=\u00bb{}\u00bb theme_builder_area=\u00bbpost_content\u00bb][et_pb_image src=\u00bbhttps:\/\/newcomerswelcome.acgov.org\/wp-content\/uploads\/2021\/12\/Alameda-County-seal-transparent-background.png\u00bb alt=\u00bbAlameda County Seal\u00bb title_text=\u00bbAlameda-County-seal-transparent-background\u00bb url=\u00bbhttp:\/\/www.acgov.org\u00bb align=\u00bbcenter\u00bb admin_label=\u00bbACGOV Logo\u00bb _builder_version=\u00bb4.16&#8243; _module_preset=\u00bbdefault\u00bb module_alignment=\u00bbcenter\u00bb max_height=\u00bb150px\u00bb global_colors_info=\u00bb{}\u00bb theme_builder_area=\u00bbpost_content\u00bb][\/et_pb_image][\/et_pb_column][et_pb_column type=\u00bb1_2&#8243; _builder_version=\u00bb4.16&#8243; _module_preset=\u00bbdefault\u00bb global_colors_info=\u00bb{}\u00bb theme_builder_area=\u00bbpost_content\u00bb][et_pb_image src=\u00bbhttps:\/\/newcomerswelcome.acgov.org\/wp-content\/uploads\/2023\/06\/EBRIFupdated-1.png\u00bb title_text=\u00bbEBRIF+updated\u00bb url=\u00bbhttp:\/\/ebrif.org\u00bb align=\u00bbcenter\u00bb admin_label=\u00bbEBRIF Logo\u00bb _builder_version=\u00bb4.16&#8243; _module_preset=\u00bbdefault\u00bb module_alignment=\u00bbcenter\u00bb max_height=\u00bb200px\u00bb global_colors_info=\u00bb{}\u00bb theme_builder_area=\u00bbpost_content\u00bb][\/et_pb_image][\/et_pb_column][\/et_pb_row][\/et_pb_section]<\/p>\n","protected":false},"excerpt":{"rendered":"<p><div id=\"wpbdp-main-box\" class=\"wpbdp-main-box\" data-breakpoints='{\"tiny\": [0,360], \"small\": [360,560], \"medium\": [560,710], \"large\": [710,999999]}' data-breakpoints-class-prefix=\"wpbdp-main-box\">\n\n<div class=\"main-fields box-row cols-2\">\n\t<form action=\"https:\/\/newcomerswelcome.acgov.org\/es\/resource-directory\/?wpbdp_view=search\" method=\"get\">\n\t\t<input type=\"hidden\" name=\"wpbdp_view\" value=\"search\" \/>\n\t\t<input type=\"hidden\" name=\"lang\" value=\"es\" \/>\t\t\t\t<div class=\"wpbdp-form-field box-col wpbdp-widget-field search-fields\">\n\t\t\t<div class=\"box-row cols-1\">\n\t\t\t\t<div class=\"wpbdp-form-field box-col wpbdp-widget-field main-input\">\n\t\t\t\t\t<label for=\"wpbdp-main-box-keyword-field\" style=\"display:none;\">Keywords:<\/label>\n\t\t\t\t\t<input type=\"text\" id=\"wpbdp-main-box-keyword-field\" title=\"Quick search keywords\" class=\"keywords-field\" name=\"kw\" placeholder=\"Buscar anuncios\" \/>\n\t\t\t\t<\/div>\n\t\t\t\t\t\t\t<\/div>\n\t\t<\/div>\n\n\t\t<div class=\"wpbdp-form-field box-col wpbdp-widget-field submit-btn\">\n\t\t\t<input type=\"submit\" value=\"Buscar anuncios\" class=\"button wpbdp-button\"\/>\n\n\t\t\t<a class=\"wpbdp-advanced-search-link\" title=\"B\u00fasqueda avanzada\" href=\"https:\/\/newcomerswelcome.acgov.org\/es\/resource-directory\/?wpbdp_view=search\">\n\t\t\t\t<svg xmlns=\"http:\/\/www.w3.org\/2000\/svg\" aria-hidden=\"true\" width=\"24\" height=\"24\" fill=\"none\" viewBox=\"0 0 24 24\">\n\t\t\t\t\t<path stroke=\"currentColor\" stroke-linecap=\"round\" stroke-linejoin=\"round\" stroke-width=\"2\" d=\"M4 21v-7m0-4V3m8 18v-9m0-4V3m8 18v-5m0-4V3M1 14h6m2-6h6m2 8h6\"\/>\n\t\t\t\t<\/svg>\n\t\t\t\t<span class=\"wpbdp-sr-only\">B\u00fasqueda avanzada<\/span>\n\t\t\t<\/a>\n\t\t<\/div>\n\t<\/form>\n<\/div>\n\n<div class=\"box-row separator\"><\/div>\n\n\n<\/div>\nSugiere una organizaci\u00f3n o servicio\u00bfNo encuentras lo que buscas?B\u00e1sicosEs importante que todas las personas y familias dispongan de lo necesario para prosperar en su nueva comunidad. En esta secci\u00f3n de Conceptos B\u00e1sicos encontrar\u00e1s recursos que todo el mundo necesita m\u00ednimamente para prosperar, como vivienda\/refugio, alimentos, asistencia sanitaria, transporte, recursos financieros y servicios en el lenguaje [&hellip;]<\/p>\n","protected":false},"author":8,"featured_media":0,"parent":0,"menu_order":0,"comment_status":"closed","ping_status":"closed","template":"","meta":{"_acf_changed":false,"_et_pb_use_builder":"on","_et_pb_old_content":"","_et_gb_content_width":"","footnotes":""},"class_list":["post-35715","page","type-page","status-publish","hentry"],"acf":[],"_links":{"self":[{"href":"https:\/\/newcomerswelcome.acgov.org\/es\/wp-json\/wp\/v2\/pages\/35715","targetHints":{"allow":["GET"]}}],"collection":[{"href":"https:\/\/newcomerswelcome.acgov.org\/es\/wp-json\/wp\/v2\/pages"}],"about":[{"href":"https:\/\/newcomerswelcome.acgov.org\/es\/wp-json\/wp\/v2\/types\/page"}],"author":[{"embeddable":true,"href":"https:\/\/newcomerswelcome.acgov.org\/es\/wp-json\/wp\/v2\/users\/8"}],"replies":[{"embeddable":true,"href":"https:\/\/newcomerswelcome.acgov.org\/es\/wp-json\/wp\/v2\/comments?post=35715"}],"version-history":[{"count":0,"href":"https:\/\/newcomerswelcome.acgov.org\/es\/wp-json\/wp\/v2\/pages\/35715\/revisions"}],"wp:attachment":[{"href":"https:\/\/newcomerswelcome.acgov.org\/es\/wp-json\/wp\/v2\/media?parent=35715"}],"curies":[{"name":"wp","href":"https:\/\/api.w.org\/{rel}","templated":true}]}}