{"id":35724,"date":"2023-07-26T18:58:16","date_gmt":"2023-07-27T01:58:16","guid":{"rendered":"https:\/\/newcomerswelcome.acgov.org\/community-culture\/"},"modified":"2024-06-14T14:01:39","modified_gmt":"2024-06-14T21:01:39","slug":"comunidad-cultura","status":"publish","type":"page","link":"https:\/\/newcomerswelcome.acgov.org\/es\/comunidad-cultura\/","title":{"rendered":"Comunidad y Cultura"},"content":{"rendered":"<p>[et_pb_section fb_built=\u00bb1&#8243; admin_label=\u00bbSearch Bar &#8211; Spanish\u00bb _builder_version=\u00bb4.16&#8243; _module_preset=\u00bbdefault\u00bb custom_margin=\u00bb0px||0px||false|false\u00bb custom_padding=\u00bb0px||0px||false|false\u00bb saved_tabs=\u00bball\u00bb global_colors_info=\u00bb{}\u00bb global_module=\u00bb35730&#8243; theme_builder_area=\u00bbpost_content\u00bb][et_pb_row _builder_version=\u00bb4.16&#8243; _module_preset=\u00bbdefault\u00bb custom_margin=\u00bb10px||0px||false|false\u00bb custom_padding=\u00bb0px||0px||false|false\u00bb global_colors_info=\u00bb{}\u00bb theme_builder_area=\u00bbpost_content\u00bb][et_pb_column type=\u00bb4_4&#8243; _builder_version=\u00bb4.16&#8243; _module_preset=\u00bbdefault\u00bb global_colors_info=\u00bb{}\u00bb theme_builder_area=\u00bbpost_content\u00bb][et_pb_code admin_label=\u00bbSearch Code\u00bb _builder_version=\u00bb4.23.1&#8243; _module_preset=\u00bbdefault\u00bb module_alignment=\u00bbcenter\u00bb custom_margin=\u00bb0px||0px||false|false\u00bb custom_padding=\u00bb0px||0px||false|false\u00bb global_colors_info=\u00bb{}\u00bb theme_builder_area=\u00bbpost_content\u00bb]<div id=\"wpbdp-main-box\" class=\"wpbdp-main-box\" data-breakpoints='{\"tiny\": [0,360], \"small\": [360,560], \"medium\": [560,710], \"large\": [710,999999]}' data-breakpoints-class-prefix=\"wpbdp-main-box\">\n\n<div class=\"main-fields box-row cols-2\">\n\t<form action=\"https:\/\/newcomerswelcome.acgov.org\/es\/resource-directory\/?wpbdp_view=search\" method=\"get\">\n\t\t<input type=\"hidden\" name=\"wpbdp_view\" value=\"search\" \/>\n\t\t<input type=\"hidden\" name=\"lang\" value=\"es\" \/>\t\t\t\t<div class=\"wpbdp-form-field box-col wpbdp-widget-field search-fields\">\n\t\t\t<div class=\"box-row cols-1\">\n\t\t\t\t<div class=\"wpbdp-form-field box-col wpbdp-widget-field main-input\">\n\t\t\t\t\t<label for=\"wpbdp-main-box-keyword-field\" style=\"display:none;\">Keywords:<\/label>\n\t\t\t\t\t<input type=\"text\" id=\"wpbdp-main-box-keyword-field\" title=\"Quick search keywords\" class=\"keywords-field\" name=\"kw\" placeholder=\"Buscar anuncios\" \/>\n\t\t\t\t<\/div>\n\t\t\t\t\t\t\t<\/div>\n\t\t<\/div>\n\n\t\t<div class=\"wpbdp-form-field box-col wpbdp-widget-field submit-btn\">\n\t\t\t<input type=\"submit\" value=\"Buscar anuncios\" class=\"button wpbdp-button\"\/>\n\n\t\t\t<a class=\"wpbdp-advanced-search-link\" title=\"B\u00fasqueda avanzada\" href=\"https:\/\/newcomerswelcome.acgov.org\/es\/resource-directory\/?wpbdp_view=search\">\n\t\t\t\t<svg xmlns=\"http:\/\/www.w3.org\/2000\/svg\" aria-hidden=\"true\" width=\"24\" height=\"24\" fill=\"none\" viewBox=\"0 0 24 24\">\n\t\t\t\t\t<path stroke=\"currentColor\" stroke-linecap=\"round\" stroke-linejoin=\"round\" stroke-width=\"2\" d=\"M4 21v-7m0-4V3m8 18v-9m0-4V3m8 18v-5m0-4V3M1 14h6m2-6h6m2 8h6\"\/>\n\t\t\t\t<\/svg>\n\t\t\t\t<span class=\"wpbdp-sr-only\">B\u00fasqueda avanzada<\/span>\n\t\t\t<\/a>\n\t\t<\/div>\n\t<\/form>\n<\/div>\n\n<div class=\"box-row separator\"><\/div>\n\n\n<\/div>\n[\/et_pb_code][\/et_pb_column][\/et_pb_row][et_pb_row column_structure=\u00bb1_3,1_3,1_3&#8243; _builder_version=\u00bb4.23.1&#8243; _module_preset=\u00bbdefault\u00bb custom_margin=\u00bb0px||0px||false|false\u00bb custom_padding=\u00bb0px||0px||false|false\u00bb global_colors_info=\u00bb{}\u00bb theme_builder_area=\u00bbpost_content\u00bb][et_pb_column type=\u00bb1_3&#8243; _builder_version=\u00bb4.16&#8243; _module_preset=\u00bbdefault\u00bb global_colors_info=\u00bb{}\u00bb theme_builder_area=\u00bbpost_content\u00bb][\/et_pb_column][et_pb_column type=\u00bb1_3&#8243; _builder_version=\u00bb4.16&#8243; _module_preset=\u00bbdefault\u00bb global_colors_info=\u00bb{}\u00bb theme_builder_area=\u00bbpost_content\u00bb][\/et_pb_column][et_pb_column type=\u00bb1_3&#8243; _builder_version=\u00bb4.16&#8243; _module_preset=\u00bbdefault\u00bb global_colors_info=\u00bb{}\u00bb theme_builder_area=\u00bbpost_content\u00bb][et_pb_text admin_label=\u00bbSuggest\u00bb module_id=\u00bbsuggest\u00bb _builder_version=\u00bb4.23.1&#8243; _module_preset=\u00bbdefault\u00bb custom_margin=\u00bb0px||0px||false|false\u00bb custom_padding=\u00bb0px||0px||false|false\u00bb global_colors_info=\u00bb{}\u00bb theme_builder_area=\u00bbpost_content\u00bb]<\/p>\n<p style=\"text-align: right;\"><a href=\"https:\/\/newcomerswelcome.acgov.org\/add-a-service\/\"><strong>Sugiere una organizaci\u00f3n o servicio<\/strong><\/a><br \/><a href=\"mailto:coordinator@ebrif.org\">\u00bfNo encuentras lo que buscas?<\/a><\/p>\n<p>[\/et_pb_text][\/et_pb_column][\/et_pb_row][\/et_pb_section][et_pb_section fb_built=\u00bb1&#8243; admin_label=\u00bbCommunity &#038; Culture Hero\u00bb _builder_version=\u00bb4.16&#8243; _module_preset=\u00bbdefault\u00bb custom_margin=\u00bb0px||100px||false|false\u00bb custom_padding=\u00bb0px||0px||false|false\u00bb locked=\u00bboff\u00bb global_colors_info=\u00bb{}\u00bb][et_pb_row column_structure=\u00bb1_3,2_3&#8243; admin_label=\u00bbEncabezamiento e introducci\u00f3n\u00bb _builder_version=\u00bb4.16&#8243; _module_preset=\u00bbdefault\u00bb custom_margin=\u00bb0px||0px||false|false\u00bb global_colors_info=\u00bb{}\u00bb][et_pb_column type=\u00bb1_3&#8243; _builder_version=\u00bb4.16&#8243; _module_preset=\u00bbdefault\u00bb global_colors_info=\u00bb{}\u00bb][et_pb_text admin_label=\u00bbHeading\u00bb _builder_version=\u00bb4.16&#8243; _module_preset=\u00bbdefault\u00bb header_text_align=\u00bbcenter\u00bb global_colors_info=\u00bb{}\u00bb]<\/p>\n<h1 style=\"text-align: center;\">Community &amp; Culture<\/h1>\n<p>[\/et_pb_text][et_pb_image src=\u00bbhttps:\/\/newcomerswelcome.acgov.org\/wp-content\/uploads\/2023\/07\/Community-C.png\u00bb title_text=\u00bbCommunity-C\u00bb show_bottom_space=\u00bboff\u00bb align=\u00bbcenter\u00bb admin_label=\u00bbCommunity &#038; Culture Hero Image\u00bb _builder_version=\u00bb4.16&#8243; _module_preset=\u00bbdefault\u00bb global_colors_info=\u00bb{}\u00bb][\/et_pb_image][\/et_pb_column][et_pb_column type=\u00bb2_3&#8243; _builder_version=\u00bb4.16&#8243; _module_preset=\u00bbdefault\u00bb global_colors_info=\u00bb{}\u00bb][et_pb_text admin_label=\u00bbCommunity &#038; Culture Intro Text\u00bb _builder_version=\u00bb4.16&#8243; _module_preset=\u00bbdefault\u00bb global_colors_info=\u00bb{}\u00bb]<\/p>\n<div class=\"ewa-rteLine\">Una red culturalmente diversa de organizaciones y personas est\u00e1 disponible para ayudar a los refugiados, las familias de refugiados, los asilados y todos los dem\u00e1s reci\u00e9n llegados al condado de Alameda. Estos servicios incluyen, entre otros: gesti\u00f3n de casos y servicios generales de integraci\u00f3n social, incluido el asesoramiento cultural y la ayuda con los servicios de traducci\u00f3n e interpretaci\u00f3n. Las organizaciones religiosas y comunitarias se esfuerzan por atender las necesidades religiosas y sociales de las crecientes comunidades de reci\u00e9n llegados.<\/div>\n<p>[\/et_pb_text][et_pb_code admin_label=\u00bbCategory Navigation Code\u00bb _builder_version=\u00bb4.16&#8243; _module_preset=\u00bbdefault\u00bb global_colors_info=\u00bb{}\u00bb]<ul class=\"wpbdp-categories cf wpbdp-categories-2-columns-no-bp without-images\" data-breakpoints=\"{&quot;tiny&quot;: [0,360], &quot;small&quot;: [360,560], &quot;medium&quot;: [560,710], &quot;large&quot;: [710,999999]}\" data-breakpoints-class-prefix=\"wpbdp-categories-2-columns\"><li class=\"cat-item cat-item-635  \"><a href=\"https:\/\/newcomerswelcome.acgov.org\/es\/resource-directory\/ncw-category\/apoyo-lgbtqi2s\/\" title=\"\" class=\"category-label\">Apoyo LGBTQI2S+<\/a> (18)<\/li><li class=\"cat-item cat-item-632  \"><a href=\"https:\/\/newcomerswelcome.acgov.org\/es\/resource-directory\/ncw-category\/arte-y-cultura\/\" title=\"\" class=\"category-label\">Arte y Cultura<\/a> (17)<\/li><li class=\"cat-item cat-item-654  \"><a href=\"https:\/\/newcomerswelcome.acgov.org\/es\/resource-directory\/ncw-category\/bienestar\/\" title=\"\" class=\"category-label\">Bienestar<\/a> (27)<\/li><li class=\"cat-item cat-item-633  \"><a href=\"https:\/\/newcomerswelcome.acgov.org\/es\/resource-directory\/ncw-category\/coaliciones-y-colaboraciones\/\" title=\"\" class=\"category-label\">Coaliciones y Colaboraciones<\/a> (17)<\/li><li class=\"cat-item cat-item-410  \"><a href=\"https:\/\/newcomerswelcome.acgov.org\/es\/resource-directory\/ncw-category\/defensa-activismo-y-organizacion\/\" title=\"\" class=\"category-label\">Defensa, Activismo y Organizaci\u00f3n<\/a> (46)<\/li><li class=\"cat-item cat-item-659  \"><a href=\"https:\/\/newcomerswelcome.acgov.org\/es\/resource-directory\/ncw-category\/derechos-de-los-trabajadores\/\" title=\"\" class=\"category-label\">Derechos de los trabajadores<\/a> (7)<\/li><li class=\"cat-item cat-item-411  \"><a href=\"https:\/\/newcomerswelcome.acgov.org\/es\/resource-directory\/ncw-category\/desarrollo-del-liderazgo\/\" title=\"\" class=\"category-label\">Desarrollo del liderazgo<\/a> (18)<\/li><li class=\"cat-item cat-item-651  \"><a href=\"https:\/\/newcomerswelcome.acgov.org\/es\/resource-directory\/ncw-category\/educacion-sanitaria-y-equidad-en-salud\/\" title=\"\" class=\"category-label\">Educaci\u00f3n sanitaria y equidad en salud<\/a> (30)<\/li><li class=\"cat-item cat-item-636  \"><a href=\"https:\/\/newcomerswelcome.acgov.org\/es\/resource-directory\/ncw-category\/grupos-o-programas-juveniles\/\" title=\"\" class=\"category-label\">Grupos o programas juveniles<\/a> (26)<\/li><li class=\"cat-item cat-item-634  \"><a href=\"https:\/\/newcomerswelcome.acgov.org\/es\/resource-directory\/ncw-category\/instituciones-culturales\/\" title=\"\" class=\"category-label\">Instituciones Culturales<\/a> (2)<\/li><li class=\"cat-item cat-item-663  \"><a href=\"https:\/\/newcomerswelcome.acgov.org\/es\/resource-directory\/ncw-category\/investiga\/\" title=\"\" class=\"category-label\">Investiga<\/a> (3)<\/li><li class=\"cat-item cat-item-437  \"><a href=\"https:\/\/newcomerswelcome.acgov.org\/es\/resource-directory\/ncw-category\/medios-etnicos\/\" title=\"\" class=\"category-label\">Medios \u00e9tnicos<\/a> (1)<\/li><li class=\"cat-item cat-item-650  \"><a href=\"https:\/\/newcomerswelcome.acgov.org\/es\/resource-directory\/ncw-category\/mujeres\/\" title=\"\" class=\"category-label\">Mujeres<\/a> (24)<\/li><li class=\"cat-item cat-item-436  \"><a href=\"https:\/\/newcomerswelcome.acgov.org\/es\/resource-directory\/ncw-category\/organizaciones-comunitarias\/\" title=\"\" class=\"category-label\">Organizaciones comunitarias<\/a> (13)<\/li><li class=\"cat-item cat-item-618  \"><a href=\"https:\/\/newcomerswelcome.acgov.org\/es\/resource-directory\/ncw-category\/organizaciones-confesionales\/\" title=\"\" class=\"category-label\">Organizaciones confesionales<\/a> (12)<\/li><li class=\"cat-item cat-item-662  \"><a href=\"https:\/\/newcomerswelcome.acgov.org\/es\/resource-directory\/ncw-category\/politica\/\" title=\"\" class=\"category-label\">Pol\u00edtica<\/a> (4)<\/li><\/ul>[\/et_pb_code][\/et_pb_column][\/et_pb_row][\/et_pb_section][et_pb_section fb_built=\u00bb1&#8243; admin_label=\u00bbFooter Logos &#8211; Spanish\u00bb _builder_version=\u00bb4.16&#8243; _module_preset=\u00bbdefault\u00bb custom_padding=\u00bb26px||29px||false|false\u00bb border_width_top=\u00bb2px\u00bb saved_tabs=\u00bball\u00bb global_colors_info=\u00bb{}\u00bb global_module=\u00bb35738&#8243; theme_builder_area=\u00bbpost_content\u00bb][et_pb_row column_structure=\u00bb1_2,1_2&#8243; _builder_version=\u00bb4.16&#8243; _module_preset=\u00bbdefault\u00bb custom_margin=\u00bb||||false|false\u00bb border_color_bottom=\u00bb#000000&#8243; locked=\u00bboff\u00bb global_colors_info=\u00bb{}\u00bb theme_builder_area=\u00bbpost_content\u00bb][et_pb_column type=\u00bb1_2&#8243; _builder_version=\u00bb4.16&#8243; _module_preset=\u00bbdefault\u00bb global_colors_info=\u00bb{}\u00bb theme_builder_area=\u00bbpost_content\u00bb][et_pb_image src=\u00bbhttps:\/\/newcomerswelcome.acgov.org\/wp-content\/uploads\/2021\/12\/Alameda-County-seal-transparent-background.png\u00bb alt=\u00bbAlameda County Seal\u00bb title_text=\u00bbAlameda-County-seal-transparent-background\u00bb url=\u00bbhttp:\/\/www.acgov.org\u00bb align=\u00bbcenter\u00bb admin_label=\u00bbACGOV Logo\u00bb _builder_version=\u00bb4.16&#8243; _module_preset=\u00bbdefault\u00bb module_alignment=\u00bbcenter\u00bb max_height=\u00bb150px\u00bb global_colors_info=\u00bb{}\u00bb theme_builder_area=\u00bbpost_content\u00bb][\/et_pb_image][\/et_pb_column][et_pb_column type=\u00bb1_2&#8243; _builder_version=\u00bb4.16&#8243; _module_preset=\u00bbdefault\u00bb global_colors_info=\u00bb{}\u00bb theme_builder_area=\u00bbpost_content\u00bb][et_pb_image src=\u00bbhttps:\/\/newcomerswelcome.acgov.org\/wp-content\/uploads\/2023\/06\/EBRIFupdated-1.png\u00bb title_text=\u00bbEBRIF+updated\u00bb url=\u00bbhttp:\/\/ebrif.org\u00bb align=\u00bbcenter\u00bb admin_label=\u00bbEBRIF Logo\u00bb _builder_version=\u00bb4.16&#8243; _module_preset=\u00bbdefault\u00bb module_alignment=\u00bbcenter\u00bb max_height=\u00bb200px\u00bb global_colors_info=\u00bb{}\u00bb theme_builder_area=\u00bbpost_content\u00bb][\/et_pb_image][\/et_pb_column][\/et_pb_row][\/et_pb_section]<\/p>\n","protected":false},"excerpt":{"rendered":"<p><div id=\"wpbdp-main-box\" class=\"wpbdp-main-box\" data-breakpoints='{\"tiny\": [0,360], \"small\": [360,560], \"medium\": [560,710], \"large\": [710,999999]}' data-breakpoints-class-prefix=\"wpbdp-main-box\">\n\n<div class=\"main-fields box-row cols-2\">\n\t<form action=\"https:\/\/newcomerswelcome.acgov.org\/es\/resource-directory\/?wpbdp_view=search\" method=\"get\">\n\t\t<input type=\"hidden\" name=\"wpbdp_view\" value=\"search\" \/>\n\t\t<input type=\"hidden\" name=\"lang\" value=\"es\" \/>\t\t\t\t<div class=\"wpbdp-form-field box-col wpbdp-widget-field search-fields\">\n\t\t\t<div class=\"box-row cols-1\">\n\t\t\t\t<div class=\"wpbdp-form-field box-col wpbdp-widget-field main-input\">\n\t\t\t\t\t<label for=\"wpbdp-main-box-keyword-field\" style=\"display:none;\">Keywords:<\/label>\n\t\t\t\t\t<input type=\"text\" id=\"wpbdp-main-box-keyword-field\" title=\"Quick search keywords\" class=\"keywords-field\" name=\"kw\" placeholder=\"Buscar anuncios\" \/>\n\t\t\t\t<\/div>\n\t\t\t\t\t\t\t<\/div>\n\t\t<\/div>\n\n\t\t<div class=\"wpbdp-form-field box-col wpbdp-widget-field submit-btn\">\n\t\t\t<input type=\"submit\" value=\"Buscar anuncios\" class=\"button wpbdp-button\"\/>\n\n\t\t\t<a class=\"wpbdp-advanced-search-link\" title=\"B\u00fasqueda avanzada\" href=\"https:\/\/newcomerswelcome.acgov.org\/es\/resource-directory\/?wpbdp_view=search\">\n\t\t\t\t<svg xmlns=\"http:\/\/www.w3.org\/2000\/svg\" aria-hidden=\"true\" width=\"24\" height=\"24\" fill=\"none\" viewBox=\"0 0 24 24\">\n\t\t\t\t\t<path stroke=\"currentColor\" stroke-linecap=\"round\" stroke-linejoin=\"round\" stroke-width=\"2\" d=\"M4 21v-7m0-4V3m8 18v-9m0-4V3m8 18v-5m0-4V3M1 14h6m2-6h6m2 8h6\"\/>\n\t\t\t\t<\/svg>\n\t\t\t\t<span class=\"wpbdp-sr-only\">B\u00fasqueda avanzada<\/span>\n\t\t\t<\/a>\n\t\t<\/div>\n\t<\/form>\n<\/div>\n\n<div class=\"box-row separator\"><\/div>\n\n\n<\/div>\nSugiere una organizaci\u00f3n o servicio\u00bfNo encuentras lo que buscas?Community &amp; CultureUna red culturalmente diversa de organizaciones y personas est\u00e1 disponible para ayudar a los refugiados, las familias de refugiados, los asilados y todos los dem\u00e1s reci\u00e9n llegados al condado de Alameda. Estos servicios incluyen, entre otros: gesti\u00f3n de casos y servicios generales de integraci\u00f3n social, [&hellip;]<\/p>\n","protected":false},"author":8,"featured_media":0,"parent":0,"menu_order":0,"comment_status":"closed","ping_status":"closed","template":"","meta":{"_acf_changed":false,"_et_pb_use_builder":"on","_et_pb_old_content":"","_et_gb_content_width":"","footnotes":""},"class_list":["post-35724","page","type-page","status-publish","hentry"],"acf":[],"_links":{"self":[{"href":"https:\/\/newcomerswelcome.acgov.org\/es\/wp-json\/wp\/v2\/pages\/35724","targetHints":{"allow":["GET"]}}],"collection":[{"href":"https:\/\/newcomerswelcome.acgov.org\/es\/wp-json\/wp\/v2\/pages"}],"about":[{"href":"https:\/\/newcomerswelcome.acgov.org\/es\/wp-json\/wp\/v2\/types\/page"}],"author":[{"embeddable":true,"href":"https:\/\/newcomerswelcome.acgov.org\/es\/wp-json\/wp\/v2\/users\/8"}],"replies":[{"embeddable":true,"href":"https:\/\/newcomerswelcome.acgov.org\/es\/wp-json\/wp\/v2\/comments?post=35724"}],"version-history":[{"count":0,"href":"https:\/\/newcomerswelcome.acgov.org\/es\/wp-json\/wp\/v2\/pages\/35724\/revisions"}],"wp:attachment":[{"href":"https:\/\/newcomerswelcome.acgov.org\/es\/wp-json\/wp\/v2\/media?parent=35724"}],"curies":[{"name":"wp","href":"https:\/\/api.w.org\/{rel}","templated":true}]}}