{"id":35755,"date":"2023-07-26T15:39:20","date_gmt":"2023-07-26T22:39:20","guid":{"rendered":"https:\/\/newcomerswelcome.acgov.org\/seguridad-y-legal\/"},"modified":"2024-06-07T14:56:16","modified_gmt":"2024-06-07T21:56:16","slug":"seguridad-y-legal","status":"publish","type":"page","link":"https:\/\/newcomerswelcome.acgov.org\/es\/seguridad-y-legal\/","title":{"rendered":"Seguridad y Legal"},"content":{"rendered":"<p>[et_pb_section fb_built=\u00bb1&#8243; admin_label=\u00bbSearch Bar &#8211; Spanish\u00bb _builder_version=\u00bb4.16&#8243; _module_preset=\u00bbdefault\u00bb custom_margin=\u00bb0px||0px||false|false\u00bb custom_padding=\u00bb0px||0px||false|false\u00bb saved_tabs=\u00bball\u00bb global_colors_info=\u00bb{}\u00bb global_module=\u00bb35730&#8243; theme_builder_area=\u00bbpost_content\u00bb][et_pb_row _builder_version=\u00bb4.16&#8243; _module_preset=\u00bbdefault\u00bb custom_margin=\u00bb10px||0px||false|false\u00bb custom_padding=\u00bb0px||0px||false|false\u00bb global_colors_info=\u00bb{}\u00bb theme_builder_area=\u00bbpost_content\u00bb][et_pb_column type=\u00bb4_4&#8243; _builder_version=\u00bb4.16&#8243; _module_preset=\u00bbdefault\u00bb global_colors_info=\u00bb{}\u00bb theme_builder_area=\u00bbpost_content\u00bb][et_pb_code admin_label=\u00bbSearch Code\u00bb _builder_version=\u00bb4.23.1&#8243; _module_preset=\u00bbdefault\u00bb module_alignment=\u00bbcenter\u00bb custom_margin=\u00bb0px||0px||false|false\u00bb custom_padding=\u00bb0px||0px||false|false\u00bb global_colors_info=\u00bb{}\u00bb theme_builder_area=\u00bbpost_content\u00bb]<div id=\"wpbdp-main-box\" class=\"wpbdp-main-box\" data-breakpoints='{\"tiny\": [0,360], \"small\": [360,560], \"medium\": [560,710], \"large\": [710,999999]}' data-breakpoints-class-prefix=\"wpbdp-main-box\">\n\n<div class=\"main-fields box-row cols-2\">\n\t<form action=\"https:\/\/newcomerswelcome.acgov.org\/es\/resource-directory\/?wpbdp_view=search\" method=\"get\">\n\t\t<input type=\"hidden\" name=\"wpbdp_view\" value=\"search\" \/>\n\t\t<input type=\"hidden\" name=\"lang\" value=\"es\" \/>\t\t\t\t<div class=\"wpbdp-form-field box-col wpbdp-widget-field search-fields\">\n\t\t\t<div class=\"box-row cols-1\">\n\t\t\t\t<div class=\"wpbdp-form-field box-col wpbdp-widget-field main-input\">\n\t\t\t\t\t<label for=\"wpbdp-main-box-keyword-field\" style=\"display:none;\">Keywords:<\/label>\n\t\t\t\t\t<input type=\"text\" id=\"wpbdp-main-box-keyword-field\" title=\"Quick search keywords\" class=\"keywords-field\" name=\"kw\" placeholder=\"Buscar anuncios\" \/>\n\t\t\t\t<\/div>\n\t\t\t\t\t\t\t<\/div>\n\t\t<\/div>\n\n\t\t<div class=\"wpbdp-form-field box-col wpbdp-widget-field submit-btn\">\n\t\t\t<input type=\"submit\" value=\"Buscar anuncios\" class=\"button wpbdp-button\"\/>\n\n\t\t\t<a class=\"wpbdp-advanced-search-link\" title=\"B\u00fasqueda avanzada\" href=\"https:\/\/newcomerswelcome.acgov.org\/es\/resource-directory\/?wpbdp_view=search\">\n\t\t\t\t<svg xmlns=\"http:\/\/www.w3.org\/2000\/svg\" aria-hidden=\"true\" width=\"24\" height=\"24\" fill=\"none\" viewBox=\"0 0 24 24\">\n\t\t\t\t\t<path stroke=\"currentColor\" stroke-linecap=\"round\" stroke-linejoin=\"round\" stroke-width=\"2\" d=\"M4 21v-7m0-4V3m8 18v-9m0-4V3m8 18v-5m0-4V3M1 14h6m2-6h6m2 8h6\"\/>\n\t\t\t\t<\/svg>\n\t\t\t\t<span class=\"wpbdp-sr-only\">B\u00fasqueda avanzada<\/span>\n\t\t\t<\/a>\n\t\t<\/div>\n\t<\/form>\n<\/div>\n\n<div class=\"box-row separator\"><\/div>\n\n\n<\/div>\n[\/et_pb_code][\/et_pb_column][\/et_pb_row][et_pb_row column_structure=\u00bb1_3,1_3,1_3&#8243; _builder_version=\u00bb4.23.1&#8243; _module_preset=\u00bbdefault\u00bb custom_margin=\u00bb0px||0px||false|false\u00bb custom_padding=\u00bb0px||0px||false|false\u00bb global_colors_info=\u00bb{}\u00bb theme_builder_area=\u00bbpost_content\u00bb][et_pb_column type=\u00bb1_3&#8243; _builder_version=\u00bb4.16&#8243; _module_preset=\u00bbdefault\u00bb global_colors_info=\u00bb{}\u00bb theme_builder_area=\u00bbpost_content\u00bb][\/et_pb_column][et_pb_column type=\u00bb1_3&#8243; _builder_version=\u00bb4.16&#8243; _module_preset=\u00bbdefault\u00bb global_colors_info=\u00bb{}\u00bb theme_builder_area=\u00bbpost_content\u00bb][\/et_pb_column][et_pb_column type=\u00bb1_3&#8243; _builder_version=\u00bb4.16&#8243; _module_preset=\u00bbdefault\u00bb global_colors_info=\u00bb{}\u00bb theme_builder_area=\u00bbpost_content\u00bb][et_pb_text admin_label=\u00bbSuggest\u00bb module_id=\u00bbsuggest\u00bb _builder_version=\u00bb4.23.1&#8243; _module_preset=\u00bbdefault\u00bb custom_margin=\u00bb0px||0px||false|false\u00bb custom_padding=\u00bb0px||0px||false|false\u00bb global_colors_info=\u00bb{}\u00bb theme_builder_area=\u00bbpost_content\u00bb]<\/p>\n<p style=\"text-align: right;\"><a href=\"https:\/\/newcomerswelcome.acgov.org\/add-a-service\/\"><strong>Sugiere una organizaci\u00f3n o servicio<\/strong><\/a><br \/><a href=\"mailto:coordinator@ebrif.org\">\u00bfNo encuentras lo que buscas?<\/a><\/p>\n<p>[\/et_pb_text][\/et_pb_column][\/et_pb_row][\/et_pb_section][et_pb_section fb_built=\u00bb1&#8243; admin_label=\u00bbSafety &#038; Legal Hero\u00bb _builder_version=\u00bb4.16&#8243; _module_preset=\u00bbdefault\u00bb custom_margin=\u00bb||0px||false|false\u00bb custom_padding=\u00bb||0px||false|false\u00bb locked=\u00bboff\u00bb global_colors_info=\u00bb{}\u00bb][et_pb_row column_structure=\u00bb1_3,2_3&#8243; admin_label=\u00bbHeading &#038; Intro\u00bb _builder_version=\u00bb4.16&#8243; _module_preset=\u00bbdefault\u00bb custom_margin=\u00bb0px||0px||false|false\u00bb custom_padding=\u00bb0px||0px||false|false\u00bb global_colors_info=\u00bb{}\u00bb][et_pb_column type=\u00bb1_3&#8243; _builder_version=\u00bb4.16&#8243; _module_preset=\u00bbdefault\u00bb global_colors_info=\u00bb{}\u00bb][et_pb_text admin_label=\u00bbHeading\u00bb _builder_version=\u00bb4.16&#8243; _module_preset=\u00bbdefault\u00bb header_text_align=\u00bbcenter\u00bb global_colors_info=\u00bb{}\u00bb]<\/p>\n<h1>Seguridad y Legal<\/h1>\n<p>[\/et_pb_text][et_pb_image src=\u00bbhttps:\/\/newcomerswelcome.acgov.org\/wp-content\/uploads\/2023\/05\/Newcomers-Welcome-Safety-Square.jpg\u00bb title_text=\u00bbNewcomers-Welcome-Safety-Square\u00bb show_bottom_space=\u00bboff\u00bb align=\u00bbcenter\u00bb admin_label=\u00bbSafety &#038; Legal Image\u00bb _builder_version=\u00bb4.16&#8243; _module_preset=\u00bbdefault\u00bb global_colors_info=\u00bb{}\u00bb][\/et_pb_image][\/et_pb_column][et_pb_column type=\u00bb2_3&#8243; _builder_version=\u00bb4.16&#8243; _module_preset=\u00bbdefault\u00bb global_colors_info=\u00bb{}\u00bb][et_pb_text admin_label=\u00bbSafety &#038; Legal Intro Text\u00bb _builder_version=\u00bb4.16&#8243; _module_preset=\u00bbdefault\u00bb global_colors_info=\u00bb{}\u00bb]<\/p>\n<div class=\"ewa-rteLine\"><strong>El n\u00famero de tel\u00e9fono de tres cifras \u00ab9-1-1\u00bb ha sido designado \u00abN\u00famero Universal de Emergencias\u00bb, para que las personas que viven en Estados Unidos soliciten ayuda de emergencia. <\/strong><\/div>\n<div class=\"ewa-rteLine\"><\/div>\n<div class=\"ewa-rteLine\">Una emergencia se define como cualquier situaci\u00f3n que requiera asistencia inmediata de la polic\u00eda, los bomberos o una ambulancia. Algunos ejemplos de emergencias son<\/div>\n<ul>\n<li class=\"ewa-rteLine\">Un incendio<\/li>\n<li class=\"ewa-rteLine\">Un delito, especialmente si est\u00e1 en curso<\/li>\n<li class=\"ewa-rteLine\">Un accidente de coche, sobre todo si hay heridos<\/li>\n<li class=\"ewa-rteLine\">Una urgencia m\u00e9dica, especialmente por s\u00edntomas que requieran atenci\u00f3n m\u00e9dica inmediata<\/li>\n<\/ul>\n<div><\/div>\n<div class=\"ewa-rteLine\"><strong>Cuando llames al 911, prep\u00e1rate para responder a las preguntas del operador, que pueden incluir:<\/strong><\/div>\n<ul>\n<li>El lugar de la emergencia, incluida la direcci\u00f3n postal<\/li>\n<li class=\"ewa-rteLine\">El n\u00famero de tel\u00e9fono desde el que llamas<\/li>\n<li class=\"ewa-rteLine\">La naturaleza de la emergencia<\/li>\n<li class=\"ewa-rteLine\">Detalles sobre la emergencia, como la descripci\u00f3n f\u00edsica de una persona que pueda haber cometido un delito, la descripci\u00f3n de un incendio que pueda estar ardiendo o la descripci\u00f3n de las lesiones o s\u00edntomas que experimente una persona que tenga una emergencia m\u00e9dica.<\/li>\n<li class=\"ewa-rteLine\">Recuerda que las preguntas de la persona que atiende la llamada son importantes para que recibas r\u00e1pidamente la ayuda adecuada. Prep\u00e1rate para seguir las instrucciones que te d\u00e9 la persona que atienda la llamada. Muchos centros del 911 pueden decirte exactamente qu\u00e9 hacer hasta que llegue la ayuda, como proporcionar instrucciones paso a paso para ayudar a alguien que se est\u00e1 asfixiando o necesita primeros auxilios o reanimaci\u00f3n cardiopulmonar. No cuelgues hasta que la persona que atiende la llamada te lo indique.<\/li>\n<\/ul>\n<p>[\/et_pb_text][et_pb_code admin_label=\u00bbPage Navigation Code\u00bb _builder_version=\u00bb4.16&#8243; _module_preset=\u00bbdefault\u00bb global_colors_info=\u00bb{}\u00bb]<ul class=\"wpbdp-categories cf wpbdp-categories-2-columns-no-bp without-images\" data-breakpoints=\"{&quot;tiny&quot;: [0,360], &quot;small&quot;: [360,560], &quot;medium&quot;: [560,710], &quot;large&quot;: [710,999999]}\" data-breakpoints-class-prefix=\"wpbdp-categories-2-columns\"><li class=\"cat-item cat-item-622  \"><a href=\"https:\/\/newcomerswelcome.acgov.org\/es\/resource-directory\/ncw-category\/apoyo-a-la-violencia-domestica-de-pareja\/\" title=\"\" class=\"category-label\">Apoyo a la violencia dom\u00e9stica \/ de pareja<\/a> (18)<\/li><li class=\"cat-item cat-item-626  \"><a href=\"https:\/\/newcomerswelcome.acgov.org\/es\/resource-directory\/ncw-category\/apoyo-al-asilo\/\" title=\"\" class=\"category-label\">Apoyo al asilo<\/a> (12)<\/li><li class=\"cat-item cat-item-598  \"><a href=\"https:\/\/newcomerswelcome.acgov.org\/es\/resource-directory\/ncw-category\/apoyo-en-crisis\/\" title=\"\" class=\"category-label\">Apoyo en crisis<\/a> (13)<\/li><li class=\"cat-item cat-item-658  \"><a href=\"https:\/\/newcomerswelcome.acgov.org\/es\/resource-directory\/ncw-category\/apoyo-indocumentado\/\" title=\"\" class=\"category-label\">Apoyo indocumentado<\/a> (12)<\/li><li class=\"cat-item cat-item-621  \"><a href=\"https:\/\/newcomerswelcome.acgov.org\/es\/resource-directory\/ncw-category\/apoyo-juridico-al-empleo\/\" title=\"\" class=\"category-label\">Apoyo jur\u00eddico al empleo<\/a> (5)<\/li><li class=\"cat-item cat-item-431  \"><a href=\"https:\/\/newcomerswelcome.acgov.org\/es\/resource-directory\/ncw-category\/apoyo-juridico-en-materia-de-inmigracion\/\" title=\"\" class=\"category-label\">Apoyo jur\u00eddico en materia de inmigraci\u00f3n<\/a> (30)<\/li><li class=\"cat-item cat-item-620  \"><a href=\"https:\/\/newcomerswelcome.acgov.org\/es\/resource-directory\/ncw-category\/apoyo-juridico-en-materia-de-vivienda\/\" title=\"\" class=\"category-label\">Apoyo jur\u00eddico en materia de vivienda<\/a> (4)<\/li><li class=\"cat-item cat-item-619  \"><a href=\"https:\/\/newcomerswelcome.acgov.org\/es\/resource-directory\/ncw-category\/beneficios-apoyo-juridico\/\" title=\"\" class=\"category-label\">Beneficios Apoyo jur\u00eddico<\/a> (6)<\/li><li class=\"cat-item cat-item-412  \"><a href=\"https:\/\/newcomerswelcome.acgov.org\/es\/resource-directory\/ncw-category\/derechos-civiles\/\" title=\"\" class=\"category-label\">Derechos civiles<\/a> (7)<\/li><li class=\"cat-item cat-item-661  \"><a href=\"https:\/\/newcomerswelcome.acgov.org\/es\/resource-directory\/ncw-category\/derechos-de-los-inmigrantes\/\" title=\"\" class=\"category-label\">Derechos de los inmigrantes<\/a> (6)<\/li><li class=\"cat-item cat-item-656  \"><a href=\"https:\/\/newcomerswelcome.acgov.org\/es\/resource-directory\/ncw-category\/legal-general-es\/\" title=\"\" class=\"category-label\">Legal (General)<\/a> (6)<\/li><li class=\"cat-item cat-item-660  \"><a href=\"https:\/\/newcomerswelcome.acgov.org\/es\/resource-directory\/ncw-category\/naturalizacion\/\" title=\"\" class=\"category-label\">Naturalizaci\u00f3n<\/a> (9)<\/li><li class=\"cat-item cat-item-432  \"><a href=\"https:\/\/newcomerswelcome.acgov.org\/es\/resource-directory\/ncw-category\/preparacion-ante-catastrofes\/\" title=\"\" class=\"category-label\">Preparaci\u00f3n ante cat\u00e1strofes<\/a> (3)<\/li><li class=\"cat-item cat-item-623  \"><a href=\"https:\/\/newcomerswelcome.acgov.org\/es\/resource-directory\/ncw-category\/prevencion-del-suicidio\/\" title=\"\" class=\"category-label\">Prevenci\u00f3n del suicidio<\/a> (3)<\/li><li class=\"cat-item cat-item-625  \"><a href=\"https:\/\/newcomerswelcome.acgov.org\/es\/resource-directory\/ncw-category\/reconectar-a-las-familias\/\" title=\"\" class=\"category-label\">Reconectar a las familias<\/a> (7)<\/li><li class=\"cat-item cat-item-624  \"><a href=\"https:\/\/newcomerswelcome.acgov.org\/es\/resource-directory\/ncw-category\/trata-de-seres-humanos\/\" title=\"\" class=\"category-label\">Trata de seres humanos<\/a> (9)<\/li><\/ul>[\/et_pb_code][\/et_pb_column][\/et_pb_row][\/et_pb_section][et_pb_section fb_built=\u00bb1&#8243; admin_label=\u00bbFooter Logos &#8211; Spanish\u00bb _builder_version=\u00bb4.16&#8243; _module_preset=\u00bbdefault\u00bb custom_padding=\u00bb26px||29px||false|false\u00bb border_width_top=\u00bb2px\u00bb saved_tabs=\u00bball\u00bb global_colors_info=\u00bb{}\u00bb global_module=\u00bb35738&#8243; theme_builder_area=\u00bbpost_content\u00bb][et_pb_row column_structure=\u00bb1_2,1_2&#8243; _builder_version=\u00bb4.16&#8243; _module_preset=\u00bbdefault\u00bb custom_margin=\u00bb||||false|false\u00bb border_color_bottom=\u00bb#000000&#8243; locked=\u00bboff\u00bb global_colors_info=\u00bb{}\u00bb theme_builder_area=\u00bbpost_content\u00bb][et_pb_column type=\u00bb1_2&#8243; _builder_version=\u00bb4.16&#8243; _module_preset=\u00bbdefault\u00bb global_colors_info=\u00bb{}\u00bb theme_builder_area=\u00bbpost_content\u00bb][et_pb_image src=\u00bbhttps:\/\/newcomerswelcome.acgov.org\/wp-content\/uploads\/2021\/12\/Alameda-County-seal-transparent-background.png\u00bb alt=\u00bbAlameda County Seal\u00bb title_text=\u00bbAlameda-County-seal-transparent-background\u00bb url=\u00bbhttp:\/\/www.acgov.org\u00bb align=\u00bbcenter\u00bb admin_label=\u00bbACGOV Logo\u00bb _builder_version=\u00bb4.16&#8243; _module_preset=\u00bbdefault\u00bb module_alignment=\u00bbcenter\u00bb max_height=\u00bb150px\u00bb global_colors_info=\u00bb{}\u00bb theme_builder_area=\u00bbpost_content\u00bb][\/et_pb_image][\/et_pb_column][et_pb_column type=\u00bb1_2&#8243; _builder_version=\u00bb4.16&#8243; _module_preset=\u00bbdefault\u00bb global_colors_info=\u00bb{}\u00bb theme_builder_area=\u00bbpost_content\u00bb][et_pb_image src=\u00bbhttps:\/\/newcomerswelcome.acgov.org\/wp-content\/uploads\/2023\/06\/EBRIFupdated-1.png\u00bb title_text=\u00bbEBRIF+updated\u00bb url=\u00bbhttp:\/\/ebrif.org\u00bb align=\u00bbcenter\u00bb admin_label=\u00bbEBRIF Logo\u00bb _builder_version=\u00bb4.16&#8243; _module_preset=\u00bbdefault\u00bb module_alignment=\u00bbcenter\u00bb max_height=\u00bb200px\u00bb global_colors_info=\u00bb{}\u00bb theme_builder_area=\u00bbpost_content\u00bb][\/et_pb_image][\/et_pb_column][\/et_pb_row][\/et_pb_section]<\/p>\n","protected":false},"excerpt":{"rendered":"<p><div id=\"wpbdp-main-box\" class=\"wpbdp-main-box\" data-breakpoints='{\"tiny\": [0,360], \"small\": [360,560], \"medium\": [560,710], \"large\": [710,999999]}' data-breakpoints-class-prefix=\"wpbdp-main-box\">\n\n<div class=\"main-fields box-row cols-2\">\n\t<form action=\"https:\/\/newcomerswelcome.acgov.org\/es\/resource-directory\/?wpbdp_view=search\" method=\"get\">\n\t\t<input type=\"hidden\" name=\"wpbdp_view\" value=\"search\" \/>\n\t\t<input type=\"hidden\" name=\"lang\" value=\"es\" \/>\t\t\t\t<div class=\"wpbdp-form-field box-col wpbdp-widget-field search-fields\">\n\t\t\t<div class=\"box-row cols-1\">\n\t\t\t\t<div class=\"wpbdp-form-field box-col wpbdp-widget-field main-input\">\n\t\t\t\t\t<label for=\"wpbdp-main-box-keyword-field\" style=\"display:none;\">Keywords:<\/label>\n\t\t\t\t\t<input type=\"text\" id=\"wpbdp-main-box-keyword-field\" title=\"Quick search keywords\" class=\"keywords-field\" name=\"kw\" placeholder=\"Buscar anuncios\" \/>\n\t\t\t\t<\/div>\n\t\t\t\t\t\t\t<\/div>\n\t\t<\/div>\n\n\t\t<div class=\"wpbdp-form-field box-col wpbdp-widget-field submit-btn\">\n\t\t\t<input type=\"submit\" value=\"Buscar anuncios\" class=\"button wpbdp-button\"\/>\n\n\t\t\t<a class=\"wpbdp-advanced-search-link\" title=\"B\u00fasqueda avanzada\" href=\"https:\/\/newcomerswelcome.acgov.org\/es\/resource-directory\/?wpbdp_view=search\">\n\t\t\t\t<svg xmlns=\"http:\/\/www.w3.org\/2000\/svg\" aria-hidden=\"true\" width=\"24\" height=\"24\" fill=\"none\" viewBox=\"0 0 24 24\">\n\t\t\t\t\t<path stroke=\"currentColor\" stroke-linecap=\"round\" stroke-linejoin=\"round\" stroke-width=\"2\" d=\"M4 21v-7m0-4V3m8 18v-9m0-4V3m8 18v-5m0-4V3M1 14h6m2-6h6m2 8h6\"\/>\n\t\t\t\t<\/svg>\n\t\t\t\t<span class=\"wpbdp-sr-only\">B\u00fasqueda avanzada<\/span>\n\t\t\t<\/a>\n\t\t<\/div>\n\t<\/form>\n<\/div>\n\n<div class=\"box-row separator\"><\/div>\n\n\n<\/div>\nSugiere una organizaci\u00f3n o servicio\u00bfNo encuentras lo que buscas?Seguridad y LegalEl n\u00famero de tel\u00e9fono de tres cifras \u00ab9-1-1\u00bb ha sido designado \u00abN\u00famero Universal de Emergencias\u00bb, para que las personas que viven en Estados Unidos soliciten ayuda de emergencia. Una emergencia se define como cualquier situaci\u00f3n que requiera asistencia inmediata de la polic\u00eda, los bomberos o [&hellip;]<\/p>\n","protected":false},"author":8,"featured_media":0,"parent":0,"menu_order":0,"comment_status":"closed","ping_status":"closed","template":"","meta":{"_acf_changed":false,"_et_pb_use_builder":"on","_et_pb_old_content":"","_et_gb_content_width":"","footnotes":""},"class_list":["post-35755","page","type-page","status-publish","hentry"],"acf":[],"_links":{"self":[{"href":"https:\/\/newcomerswelcome.acgov.org\/es\/wp-json\/wp\/v2\/pages\/35755","targetHints":{"allow":["GET"]}}],"collection":[{"href":"https:\/\/newcomerswelcome.acgov.org\/es\/wp-json\/wp\/v2\/pages"}],"about":[{"href":"https:\/\/newcomerswelcome.acgov.org\/es\/wp-json\/wp\/v2\/types\/page"}],"author":[{"embeddable":true,"href":"https:\/\/newcomerswelcome.acgov.org\/es\/wp-json\/wp\/v2\/users\/8"}],"replies":[{"embeddable":true,"href":"https:\/\/newcomerswelcome.acgov.org\/es\/wp-json\/wp\/v2\/comments?post=35755"}],"version-history":[{"count":0,"href":"https:\/\/newcomerswelcome.acgov.org\/es\/wp-json\/wp\/v2\/pages\/35755\/revisions"}],"wp:attachment":[{"href":"https:\/\/newcomerswelcome.acgov.org\/es\/wp-json\/wp\/v2\/media?parent=35755"}],"curies":[{"name":"wp","href":"https:\/\/api.w.org\/{rel}","templated":true}]}}