{"id":35773,"date":"2023-07-26T16:52:57","date_gmt":"2023-07-26T23:52:57","guid":{"rendered":"https:\/\/newcomerswelcome.acgov.org\/learning-career\/"},"modified":"2024-06-14T13:28:15","modified_gmt":"2024-06-14T20:28:15","slug":"aprendizaje-y-carrera","status":"publish","type":"page","link":"https:\/\/newcomerswelcome.acgov.org\/es\/aprendizaje-y-carrera\/","title":{"rendered":"Aprendizaje y Carrera Profesional"},"content":{"rendered":"<p>[et_pb_section fb_built=\u00bb1&#8243; admin_label=\u00bbSearch Bar &#8211; Spanish\u00bb _builder_version=\u00bb4.16&#8243; _module_preset=\u00bbdefault\u00bb custom_margin=\u00bb0px||0px||false|false\u00bb custom_padding=\u00bb0px||0px||false|false\u00bb global_module=\u00bb35730&#8243; saved_tabs=\u00bball\u00bb global_colors_info=\u00bb{}\u00bb][et_pb_row _builder_version=\u00bb4.16&#8243; _module_preset=\u00bbdefault\u00bb custom_margin=\u00bb10px||0px||false|false\u00bb custom_padding=\u00bb0px||0px||false|false\u00bb global_colors_info=\u00bb{}\u00bb][et_pb_column type=\u00bb4_4&#8243; _builder_version=\u00bb4.16&#8243; _module_preset=\u00bbdefault\u00bb global_colors_info=\u00bb{}\u00bb][et_pb_code admin_label=\u00bbSearch Code\u00bb _builder_version=\u00bb4.23.1&#8243; _module_preset=\u00bbdefault\u00bb module_alignment=\u00bbcenter\u00bb custom_margin=\u00bb0px||0px||false|false\u00bb custom_padding=\u00bb0px||0px||false|false\u00bb global_colors_info=\u00bb{}\u00bb]<div id=\"wpbdp-main-box\" class=\"wpbdp-main-box\" data-breakpoints='{\"tiny\": [0,360], \"small\": [360,560], \"medium\": [560,710], \"large\": [710,999999]}' data-breakpoints-class-prefix=\"wpbdp-main-box\">\n\n<div class=\"main-fields box-row cols-2\">\n\t<form action=\"https:\/\/newcomerswelcome.acgov.org\/es\/resource-directory\/?wpbdp_view=search\" method=\"get\">\n\t\t<input type=\"hidden\" name=\"wpbdp_view\" value=\"search\" \/>\n\t\t<input type=\"hidden\" name=\"lang\" value=\"es\" \/>\t\t\t\t<div class=\"wpbdp-form-field box-col wpbdp-widget-field search-fields\">\n\t\t\t<div class=\"box-row cols-1\">\n\t\t\t\t<div class=\"wpbdp-form-field box-col wpbdp-widget-field main-input\">\n\t\t\t\t\t<label for=\"wpbdp-main-box-keyword-field\" style=\"display:none;\">Keywords:<\/label>\n\t\t\t\t\t<input type=\"text\" id=\"wpbdp-main-box-keyword-field\" title=\"Quick search keywords\" class=\"keywords-field\" name=\"kw\" placeholder=\"Buscar anuncios\" \/>\n\t\t\t\t<\/div>\n\t\t\t\t\t\t\t<\/div>\n\t\t<\/div>\n\n\t\t<div class=\"wpbdp-form-field box-col wpbdp-widget-field submit-btn\">\n\t\t\t<input type=\"submit\" value=\"Buscar anuncios\" class=\"button wpbdp-button\"\/>\n\n\t\t\t<a class=\"wpbdp-advanced-search-link\" title=\"B\u00fasqueda avanzada\" href=\"https:\/\/newcomerswelcome.acgov.org\/es\/resource-directory\/?wpbdp_view=search\">\n\t\t\t\t<svg xmlns=\"http:\/\/www.w3.org\/2000\/svg\" aria-hidden=\"true\" width=\"24\" height=\"24\" fill=\"none\" viewBox=\"0 0 24 24\">\n\t\t\t\t\t<path stroke=\"currentColor\" stroke-linecap=\"round\" stroke-linejoin=\"round\" stroke-width=\"2\" d=\"M4 21v-7m0-4V3m8 18v-9m0-4V3m8 18v-5m0-4V3M1 14h6m2-6h6m2 8h6\"\/>\n\t\t\t\t<\/svg>\n\t\t\t\t<span class=\"wpbdp-sr-only\">B\u00fasqueda avanzada<\/span>\n\t\t\t<\/a>\n\t\t<\/div>\n\t<\/form>\n<\/div>\n\n<div class=\"box-row separator\"><\/div>\n\n\n<\/div>\n[\/et_pb_code][\/et_pb_column][\/et_pb_row][et_pb_row column_structure=\u00bb1_3,1_3,1_3&#8243; _builder_version=\u00bb4.23.1&#8243; _module_preset=\u00bbdefault\u00bb custom_margin=\u00bb0px||0px||false|false\u00bb custom_padding=\u00bb0px||0px||false|false\u00bb global_colors_info=\u00bb{}\u00bb][et_pb_column type=\u00bb1_3&#8243; _builder_version=\u00bb4.16&#8243; _module_preset=\u00bbdefault\u00bb global_colors_info=\u00bb{}\u00bb][\/et_pb_column][et_pb_column type=\u00bb1_3&#8243; _builder_version=\u00bb4.16&#8243; _module_preset=\u00bbdefault\u00bb global_colors_info=\u00bb{}\u00bb][\/et_pb_column][et_pb_column type=\u00bb1_3&#8243; _builder_version=\u00bb4.16&#8243; _module_preset=\u00bbdefault\u00bb global_colors_info=\u00bb{}\u00bb][et_pb_text admin_label=\u00bbSuggest\u00bb module_id=\u00bbsuggest\u00bb _builder_version=\u00bb4.23.1&#8243; _module_preset=\u00bbdefault\u00bb custom_margin=\u00bb0px||0px||false|false\u00bb custom_padding=\u00bb0px||0px||false|false\u00bb global_colors_info=\u00bb{}\u00bb]<\/p>\n<p style=\"text-align: right;\"><a href=\"https:\/\/newcomerswelcome.acgov.org\/add-a-service\/\"><strong>Sugiere una organizaci\u00f3n o servicio<\/strong><\/a><br \/><a href=\"mailto:coordinator@ebrif.org\">\u00bfNo encuentras lo que buscas?<\/a><\/p>\n<p>[\/et_pb_text][\/et_pb_column][\/et_pb_row][\/et_pb_section][et_pb_section fb_built=\u00bb1&#8243; admin_label=\u00bbLearning &#038; Career Hero\u00bb _builder_version=\u00bb4.16&#8243; _module_preset=\u00bbdefault\u00bb custom_margin=\u00bb0px||100px||false|false\u00bb custom_padding=\u00bb0px||0px||false|false\u00bb locked=\u00bboff\u00bb global_colors_info=\u00bb{}\u00bb][et_pb_row column_structure=\u00bb1_3,2_3&#8243; admin_label=\u00bbHeading &#038; Intro\u00bb _builder_version=\u00bb4.16&#8243; _module_preset=\u00bbdefault\u00bb custom_margin=\u00bb0px||0px||false|false\u00bb global_colors_info=\u00bb{}\u00bb][et_pb_column type=\u00bb1_3&#8243; _builder_version=\u00bb4.16&#8243; _module_preset=\u00bbdefault\u00bb global_colors_info=\u00bb{}\u00bb][et_pb_text admin_label=\u00bbHeading\u00bb _builder_version=\u00bb4.16&#8243; _module_preset=\u00bbdefault\u00bb header_text_align=\u00bbcenter\u00bb global_colors_info=\u00bb{}\u00bb]<\/p>\n<h1 style=\"text-align: center;\">Learning &amp; Career<\/h1>\n<p>[\/et_pb_text][et_pb_image src=\u00bbhttps:\/\/newcomerswelcome.acgov.org\/wp-content\/uploads\/2023\/07\/Learning-C.png\u00bb title_text=\u00bbLearning-C\u00bb show_bottom_space=\u00bboff\u00bb align=\u00bbcenter\u00bb admin_label=\u00bbLearning &#038; Career Hero Image\u00bb _builder_version=\u00bb4.16&#8243; _module_preset=\u00bbdefault\u00bb global_colors_info=\u00bb{}\u00bb][\/et_pb_image][\/et_pb_column][et_pb_column type=\u00bb2_3&#8243; _builder_version=\u00bb4.16&#8243; _module_preset=\u00bbdefault\u00bb global_colors_info=\u00bb{}\u00bb][et_pb_text admin_label=\u00bbLearning &#038; Career Intro Text\u00bb _builder_version=\u00bb4.16&#8243; _module_preset=\u00bbdefault\u00bb global_colors_info=\u00bb{}\u00bb]<\/p>\n<div class=\"ewa-rteLine\">Los ni\u00f1os, j\u00f3venes y adultos de todo el condado de Alameda tienen acceso a la educaci\u00f3n, a programas de formaci\u00f3n laboral y a servicios de empleo. Aqu\u00ed encontrar\u00e1s recursos gratuitos y de bajo coste para conseguir trabajo, matricular a los ni\u00f1os en la escuela y recibir apoyo educativo.<\/div>\n<p>[\/et_pb_text][et_pb_code admin_label=\u00bbPage Navigation Code\u00bb _builder_version=\u00bb4.16&#8243; _module_preset=\u00bbdefault\u00bb global_colors_info=\u00bb{}\u00bb]<ul class=\"wpbdp-categories cf wpbdp-categories-2-columns-no-bp without-images\" data-breakpoints=\"{&quot;tiny&quot;: [0,360], &quot;small&quot;: [360,560], &quot;medium&quot;: [560,710], &quot;large&quot;: [710,999999]}\" data-breakpoints-class-prefix=\"wpbdp-categories-2-columns\"><li class=\"cat-item cat-item-630  \"><a href=\"https:\/\/newcomerswelcome.acgov.org\/es\/resource-directory\/ncw-category\/apoyo-educativo-orientacion-y-tutoria\/\" title=\"\" class=\"category-label\">Apoyo educativo, orientaci\u00f3n y tutor\u00eda<\/a> (21)<\/li><li class=\"cat-item cat-item-592  \"><a href=\"https:\/\/newcomerswelcome.acgov.org\/es\/resource-directory\/ncw-category\/desarrollo-de-la-mano-de-obra\/\" title=\"\" class=\"category-label\">Desarrollo de la mano de obra<\/a> (20)<\/li><li class=\"cat-item cat-item-591  \"><a href=\"https:\/\/newcomerswelcome.acgov.org\/es\/resource-directory\/ncw-category\/empleo-carrera-profesional-y-capacitacion-economica\/\" title=\"\" class=\"category-label\">Empleo, carrera profesional y capacitaci\u00f3n econ\u00f3mica<\/a> (49)<\/li><li class=\"cat-item cat-item-727  \"><a href=\"https:\/\/newcomerswelcome.acgov.org\/es\/resource-directory\/ncw-category\/ingles-como-segunda-lengua-esl-ingles-profesional-como-segunda-lengua-vesl\/\" title=\"\" class=\"category-label\">Ingl\u00e9s como segunda lengua (ESL) \/ Ingl\u00e9s profesional como segunda lengua (VESL)<\/a> (9)<\/li><li class=\"cat-item cat-item-629  \"><a href=\"https:\/\/newcomerswelcome.acgov.org\/es\/resource-directory\/ncw-category\/navegar-por-la-educacion-publica\/\" title=\"\" class=\"category-label\">Navegar por la educaci\u00f3n p\u00fablica<\/a> (18)<\/li><\/ul>[\/et_pb_code][\/et_pb_column][\/et_pb_row][\/et_pb_section][et_pb_section fb_built=\u00bb1&#8243; admin_label=\u00bbFooter Logos &#8211; Spanish\u00bb _builder_version=\u00bb4.16&#8243; _module_preset=\u00bbdefault\u00bb custom_padding=\u00bb26px||29px||false|false\u00bb border_width_top=\u00bb2px\u00bb global_module=\u00bb35738&#8243; saved_tabs=\u00bball\u00bb global_colors_info=\u00bb{}\u00bb][et_pb_row column_structure=\u00bb1_2,1_2&#8243; _builder_version=\u00bb4.16&#8243; _module_preset=\u00bbdefault\u00bb custom_margin=\u00bb||||false|false\u00bb border_color_bottom=\u00bb#000000&#8243; locked=\u00bboff\u00bb global_colors_info=\u00bb{}\u00bb][et_pb_column type=\u00bb1_2&#8243; _builder_version=\u00bb4.16&#8243; _module_preset=\u00bbdefault\u00bb global_colors_info=\u00bb{}\u00bb][et_pb_image src=\u00bbhttps:\/\/newcomerswelcome.acgov.org\/wp-content\/uploads\/2021\/12\/Alameda-County-seal-transparent-background.png\u00bb alt=\u00bbAlameda County Seal\u00bb title_text=\u00bbAlameda-County-seal-transparent-background\u00bb url=\u00bbhttp:\/\/www.acgov.org\u00bb align=\u00bbcenter\u00bb admin_label=\u00bbACGOV Logo\u00bb _builder_version=\u00bb4.16&#8243; _module_preset=\u00bbdefault\u00bb module_alignment=\u00bbcenter\u00bb max_height=\u00bb150px\u00bb global_colors_info=\u00bb{}\u00bb][\/et_pb_image][\/et_pb_column][et_pb_column type=\u00bb1_2&#8243; _builder_version=\u00bb4.16&#8243; _module_preset=\u00bbdefault\u00bb global_colors_info=\u00bb{}\u00bb][et_pb_image src=\u00bbhttps:\/\/newcomerswelcome.acgov.org\/wp-content\/uploads\/2023\/06\/EBRIFupdated-1.png\u00bb title_text=\u00bbEBRIF+updated\u00bb url=\u00bbhttp:\/\/ebrif.org\u00bb align=\u00bbcenter\u00bb admin_label=\u00bbEBRIF Logo\u00bb _builder_version=\u00bb4.16&#8243; _module_preset=\u00bbdefault\u00bb module_alignment=\u00bbcenter\u00bb max_height=\u00bb200px\u00bb global_colors_info=\u00bb{}\u00bb][\/et_pb_image][\/et_pb_column][\/et_pb_row][\/et_pb_section]<\/p>\n","protected":false},"excerpt":{"rendered":"<p><div id=\"wpbdp-main-box\" class=\"wpbdp-main-box\" data-breakpoints='{\"tiny\": [0,360], \"small\": [360,560], \"medium\": [560,710], \"large\": [710,999999]}' data-breakpoints-class-prefix=\"wpbdp-main-box\">\n\n<div class=\"main-fields box-row cols-2\">\n\t<form action=\"https:\/\/newcomerswelcome.acgov.org\/es\/resource-directory\/?wpbdp_view=search\" method=\"get\">\n\t\t<input type=\"hidden\" name=\"wpbdp_view\" value=\"search\" \/>\n\t\t<input type=\"hidden\" name=\"lang\" value=\"es\" \/>\t\t\t\t<div class=\"wpbdp-form-field box-col wpbdp-widget-field search-fields\">\n\t\t\t<div class=\"box-row cols-1\">\n\t\t\t\t<div class=\"wpbdp-form-field box-col wpbdp-widget-field main-input\">\n\t\t\t\t\t<label for=\"wpbdp-main-box-keyword-field\" style=\"display:none;\">Keywords:<\/label>\n\t\t\t\t\t<input type=\"text\" id=\"wpbdp-main-box-keyword-field\" title=\"Quick search keywords\" class=\"keywords-field\" name=\"kw\" placeholder=\"Buscar anuncios\" \/>\n\t\t\t\t<\/div>\n\t\t\t\t\t\t\t<\/div>\n\t\t<\/div>\n\n\t\t<div class=\"wpbdp-form-field box-col wpbdp-widget-field submit-btn\">\n\t\t\t<input type=\"submit\" value=\"Buscar anuncios\" class=\"button wpbdp-button\"\/>\n\n\t\t\t<a class=\"wpbdp-advanced-search-link\" title=\"B\u00fasqueda avanzada\" href=\"https:\/\/newcomerswelcome.acgov.org\/es\/resource-directory\/?wpbdp_view=search\">\n\t\t\t\t<svg xmlns=\"http:\/\/www.w3.org\/2000\/svg\" aria-hidden=\"true\" width=\"24\" height=\"24\" fill=\"none\" viewBox=\"0 0 24 24\">\n\t\t\t\t\t<path stroke=\"currentColor\" stroke-linecap=\"round\" stroke-linejoin=\"round\" stroke-width=\"2\" d=\"M4 21v-7m0-4V3m8 18v-9m0-4V3m8 18v-5m0-4V3M1 14h6m2-6h6m2 8h6\"\/>\n\t\t\t\t<\/svg>\n\t\t\t\t<span class=\"wpbdp-sr-only\">B\u00fasqueda avanzada<\/span>\n\t\t\t<\/a>\n\t\t<\/div>\n\t<\/form>\n<\/div>\n\n<div class=\"box-row separator\"><\/div>\n\n\n<\/div>\nSugiere una organizaci\u00f3n o servicio\u00bfNo encuentras lo que buscas?Learning &amp; CareerLos ni\u00f1os, j\u00f3venes y adultos de todo el condado de Alameda tienen acceso a la educaci\u00f3n, a programas de formaci\u00f3n laboral y a servicios de empleo. Aqu\u00ed encontrar\u00e1s recursos gratuitos y de bajo coste para conseguir trabajo, matricular a los ni\u00f1os en la escuela y [&hellip;]<\/p>\n","protected":false},"author":8,"featured_media":0,"parent":0,"menu_order":0,"comment_status":"closed","ping_status":"closed","template":"","meta":{"_acf_changed":false,"_et_pb_use_builder":"on","_et_pb_old_content":"","_et_gb_content_width":"","footnotes":""},"class_list":["post-35773","page","type-page","status-publish","hentry"],"acf":[],"_links":{"self":[{"href":"https:\/\/newcomerswelcome.acgov.org\/es\/wp-json\/wp\/v2\/pages\/35773","targetHints":{"allow":["GET"]}}],"collection":[{"href":"https:\/\/newcomerswelcome.acgov.org\/es\/wp-json\/wp\/v2\/pages"}],"about":[{"href":"https:\/\/newcomerswelcome.acgov.org\/es\/wp-json\/wp\/v2\/types\/page"}],"author":[{"embeddable":true,"href":"https:\/\/newcomerswelcome.acgov.org\/es\/wp-json\/wp\/v2\/users\/8"}],"replies":[{"embeddable":true,"href":"https:\/\/newcomerswelcome.acgov.org\/es\/wp-json\/wp\/v2\/comments?post=35773"}],"version-history":[{"count":0,"href":"https:\/\/newcomerswelcome.acgov.org\/es\/wp-json\/wp\/v2\/pages\/35773\/revisions"}],"wp:attachment":[{"href":"https:\/\/newcomerswelcome.acgov.org\/es\/wp-json\/wp\/v2\/media?parent=35773"}],"curies":[{"name":"wp","href":"https:\/\/api.w.org\/{rel}","templated":true}]}}